{"id":2065,"date":"2020-05-13T12:36:19","date_gmt":"2020-05-13T10:36:19","guid":{"rendered":"https:\/\/eglantinereigniez.com\/?page_id=2065"},"modified":"2023-06-09T18:16:59","modified_gmt":"2023-06-09T16:16:59","slug":"le-bar-a-nail-art","status":"publish","type":"page","link":"https:\/\/eglantinereigniez.com\/index.php\/le-bar-a-nail-art\/","title":{"rendered":"MENU NAIL ART"},"content":{"rendered":"\n<p>La vie est trop courte pour avoir un ongle ennuyeux.<\/p>\n\n\n\n<p>Bienvenue dans le monde du NAIL ART pour une happy th\u00e9rapie en toutes circonstances !<\/p>\n\n\n\n<p>Peints \u00e0 la main, avec un vernis semi permanent en formule 9 FREE. (ne contient pas ces 9 ingr\u00e9dients : <strong> formald\u00e9hyde, phtalate de dibutyle, tolu\u00e8ne, r\u00e9sine de formald\u00e9hyde, camphre, xyl\u00e8ne, ac\u00e9tone, parab\u00e8ne, \u00e9thyl tosylamide<\/strong>)<\/p>\n\n\n\n<p>Poser en Peel off, vous pouvez le retirer \u00e0 la maison sans papillotes d&rsquo;ac\u00e9tone en suivant mes recommandations.<\/p>\n\n\n\n<p>Le Nail Art peut se garder minimum 12 jours parfois plus selon votre type d&rsquo;ongles. <\/p>\n\n\n\n<p>Mes Nail Art sont UNISEX, cela va sans dire.<\/p>\n\n\n\n<p><strong>Le menu complet est \u00e0 retrouver en story permanente sur Instagram <a href=\"https:\/\/www.instagram.com\/dreamhairjaguarshoes\/?hl=fr\"><mark style=\"background-color:rgba(0, 0, 0, 0)\" class=\"has-inline-color has-pale-pink-color\">@dreamhairjaguarshoes<\/mark><\/a><\/strong><\/p>\n\n\n\n<p>Vous pouvez reserver vos cr\u00e9neaux par t\u00e9l\u00e9phone 06 76 82 16 57 ou par <strong><a href=\"https:\/\/www.instagram.com\/dreamhairjaguarshoes\/?hl=fr\"><mark style=\"background-color:rgba(0, 0, 0, 0)\" class=\"has-inline-color has-pale-pink-color\">MP sur Instagram<\/mark><\/a>.<\/strong><\/p>\n\n\n\n<p>Adresse du studio : <mark style=\"background-color:rgba(0, 0, 0, 0)\" class=\"has-inline-color has-luminous-vivid-orange-color\"><a href=\"https:\/\/www.google.com\/search?q=93+Av.+des+Tisserands%2C+40150+Soorts-Hossegor&amp;rlz=1C5CHFA_enFR942FR942&amp;oq=93+Av.+des+Tisserands%2C+40150+Soorts-Hossegor&amp;aqs=chrome..69i57j0i22i30.655j0j7&amp;sourceid=chrome&amp;ie=UTF-8\">Corner dans la boutique COLLECTIVE SOUL, 93 avenue des Tisserands 40150 Soorts-Hossegor.<\/a><\/mark><\/p>\n\n\n\n<figure class=\"wp-block-image size-large\"><img loading=\"lazy\" decoding=\"async\" width=\"1024\" height=\"512\" src=\"https:\/\/eglantinereigniez.com\/wp-content\/uploads\/2023\/06\/9-1024x512.png\" alt=\"\" class=\"wp-image-11349\"\/><\/figure>\n\n\n\n<h2 class=\"wp-block-heading\">FLASH NAIL ART : c&rsquo;est un design sur un doigt. Comme un symbole ou un accessoire, parce que c&rsquo;est Fun. (kids friendly \u00e0 partir de 7 ans.).  15 euros<\/h2>\n\n\n\n<figure class=\"wp-block-image size-large\"><img loading=\"lazy\" decoding=\"async\" width=\"1024\" height=\"512\" src=\"https:\/\/eglantinereigniez.com\/wp-content\/uploads\/2023\/06\/10-1024x512.png\" alt=\"\" class=\"wp-image-11350\"\/><\/figure>\n\n\n\n<h2 class=\"wp-block-heading\">Nail Art ARTY : pour celles &amp; ceux qui aiment composer leur propre design, un l\u00e2cher prise artistique ou la couleur domine.   A partir de 55 euros.<\/h2>\n\n\n\n<figure class=\"wp-block-image size-large\"><img loading=\"lazy\" decoding=\"async\" width=\"1024\" height=\"512\" src=\"https:\/\/eglantinereigniez.com\/wp-content\/uploads\/2023\/06\/11-1024x512.png\" alt=\"\" class=\"wp-image-11351\"\/><\/figure>\n\n\n\n<h2 class=\"wp-block-heading\">Nail Art MINIMALIST : simple et facile \u00e0 porter avec tout. Easy peasy, no brainer.  49 euros.<\/h2>\n\n\n\n<figure class=\"wp-block-image size-large\"><img loading=\"lazy\" decoding=\"async\" width=\"6912\" height=\"3456\" src=\"https:\/\/eglantinereigniez.com\/wp-content\/uploads\/2023\/06\/12-1024x512.png\" alt=\"\" class=\"wp-image-11352\"\/><\/figure>\n\n\n\n<h2 class=\"wp-block-heading\">Nail Art A LA CARTE : pas envie de composer, mais envie de se laisser porter au gr\u00e9 du menu.  59 euros<\/h2>\n\n\n\n<figure class=\"wp-block-image size-large\"><img loading=\"lazy\" decoding=\"async\" width=\"1024\" height=\"512\" src=\"https:\/\/eglantinereigniez.com\/wp-content\/uploads\/2023\/06\/13-1024x512.png\" alt=\"\" class=\"wp-image-11353\"\/><\/figure>\n\n\n\n<h2 class=\"wp-block-heading\">Nail Art BLING : comme son nom l&rsquo;indique, on aime quand \u00e7a shine, quand c&rsquo;est clinquant, bref, la reusta, c&rsquo;est toi.  69 euros.<\/h2>\n<p><a href=\"\/\/www.pinterest.com\/pin\/create\/button\/\" data-pin-do=\"buttonBookmark\" data-pin-color=\"red\" data-pin-height=\"128\"><img decoding=\"async\" src=\"\/\/assets.pinterest.com\/images\/pidgets\/pinit_fg_en_rect_red_28.png\" \/><\/a><\/p>","protected":false},"excerpt":{"rendered":"<p>La vie est trop courte pour avoir un ongle ennuyeux. Bienvenue dans le monde du NAIL ART pour une happy th\u00e9rapie en toutes circonstances ! Peints \u00e0 la main, avec un vernis semi permanent en formule 9 FREE. (ne contient pas ces 9 ingr\u00e9dients : formald\u00e9hyde, phtalate de dibutyle, tolu\u00e8ne, r\u00e9sine de formald\u00e9hyde, camphre, xyl\u00e8ne, [&hellip;]<\/p>\n","protected":false},"author":1,"featured_media":7057,"parent":0,"menu_order":0,"comment_status":"closed","ping_status":"closed","template":"","meta":{"footnotes":""},"class_list":["post-2065","page","type-page","status-publish","has-post-thumbnail"],"_links":{"self":[{"href":"https:\/\/eglantinereigniez.com\/index.php\/wp-json\/wp\/v2\/pages\/2065","targetHints":{"allow":["GET"]}}],"collection":[{"href":"https:\/\/eglantinereigniez.com\/index.php\/wp-json\/wp\/v2\/pages"}],"about":[{"href":"https:\/\/eglantinereigniez.com\/index.php\/wp-json\/wp\/v2\/types\/page"}],"author":[{"embeddable":true,"href":"https:\/\/eglantinereigniez.com\/index.php\/wp-json\/wp\/v2\/users\/1"}],"replies":[{"embeddable":true,"href":"https:\/\/eglantinereigniez.com\/index.php\/wp-json\/wp\/v2\/comments?post=2065"}],"version-history":[{"count":13,"href":"https:\/\/eglantinereigniez.com\/index.php\/wp-json\/wp\/v2\/pages\/2065\/revisions"}],"predecessor-version":[{"id":11364,"href":"https:\/\/eglantinereigniez.com\/index.php\/wp-json\/wp\/v2\/pages\/2065\/revisions\/11364"}],"wp:featuredmedia":[{"embeddable":true,"href":"https:\/\/eglantinereigniez.com\/index.php\/wp-json\/wp\/v2\/media\/7057"}],"wp:attachment":[{"href":"https:\/\/eglantinereigniez.com\/index.php\/wp-json\/wp\/v2\/media?parent=2065"}],"curies":[{"name":"wp","href":"https:\/\/api.w.org\/{rel}","templated":true}]}}