{"id":38,"date":"2016-11-04T13:22:16","date_gmt":"2016-11-04T12:22:16","guid":{"rendered":"https:\/\/eglantinereigniez.com\/?page_id=38"},"modified":"2022-10-18T11:57:17","modified_gmt":"2022-10-18T09:57:17","slug":"coiffeur-mariage","status":"publish","type":"page","link":"https:\/\/eglantinereigniez.com\/index.php\/coiffeur-mariage\/","title":{"rendered":"Mariage"},"content":{"rendered":"<p>Chaque mariage est une aventure, chaque mari\u00e9e est unique, c&rsquo;est pourquoi je vous propose un service bas\u00e9 sur l&rsquo;\u00e9coute et la confiance.<\/p>\n<div class=\"\">Je suis partisane du naturel et du rester soi m\u00eame.\u00a0 C\u2019est normal d\u2019avoir des doutes sur votre hairstyle, c\u2019est donc pour cela que mon test inclut plusieurs hairstyles \u00e0 essayer. Je travaille en forfait, je ne compte pas votre nombre de coiffures, et mon expertise et mes conseils sont tout \u00e0 vous.<\/div>\n<div>\u00a0<\/div>\n<div>\n<div class=\"\">Mon credo est de vous conseiller au mieux sur la coiffure, celle qui vous fait r\u00eaver et qui correspond \u00e0 votre personnalit\u00e9. Loin des coiffures fig\u00e9es, mon approche est plus naturelle.<\/div>\n<p>Le choix de la robe et le maquillage sont aussi des \u00e9l\u00e9ments tr\u00e8s importants et d\u00e9terminants pour m&rsquo;aider \u00e0 concevoir la coiffure adapt\u00e9e.<\/p>\n<\/div>\n<div class=\"\">\n<p>D&rsquo;abord, un premier rendez vous Test \u00e0 domicile ou \u00e0 mon studio <a href=\"https:\/\/www.instagram.com\/dreamhairjaguarshoes\/?hl=fr\">Dream Hair Jaguar Shoes<\/a>, ou 2\/3 hairstyles seront essay\u00e9s. Puis, le jour J, les cheveux seront pr\u00e9par\u00e9s pour r\u00e9aliser le style choisi lors du test.<\/p>\n<\/div>\n<p>Pour recevoir un devis complet, contactez moi \u00e0 contact@eglantinereigniez.com en pr\u00e9cisant :<\/p>\n<ul>\n<li data-listid=\"1\" data-aria-posinset=\"1\" data-aria-level=\"1\">Votre domicile<\/li>\n<li data-listid=\"1\" data-aria-posinset=\"2\" data-aria-level=\"1\">le jour du mariage<\/li>\n<li data-listid=\"1\" data-aria-posinset=\"2\" data-aria-level=\"1\">l&rsquo;heure de la c\u00e9r\u00e9monie<\/li>\n<li data-listid=\"1\" data-aria-posinset=\"3\" data-aria-level=\"1\">Le lieu du test (l&rsquo;adresse du rdv test)<\/li>\n<li data-listid=\"1\" data-aria-posinset=\"3\" data-aria-level=\"1\">le lieu du mariage (l&rsquo;adresse o\u00f9 r\u00e9aliser le hairstyle)<\/li>\n<li data-listid=\"1\" data-aria-posinset=\"4\" data-aria-level=\"1\">La moodboard des coiffures qui vous font r\u00eaver (vous pouvez consulter mon compte <a href=\"https:\/\/fr.pinterest.com\/ereigniez\/?etslf=14476&amp;eq=eglantine%20reigniez\">Pinterest <\/a>pour inspiration)<\/li>\n<li data-listid=\"1\" data-aria-posinset=\"4\" data-aria-level=\"1\">une photo de votre robe<\/li>\n<li data-listid=\"1\" data-aria-posinset=\"4\" data-aria-level=\"1\">une photo de vos cheveux (simplement pour voir la longueur et me donner une id\u00e9e sur la texture)<\/li>\n<\/ul>\n<hr \/>\n<p><i>Each wedding is an adventure, each bride is unique, my approach is <\/i><i>simple : to listen and to enable me to understand your needs<\/i><i>. My aim is to <\/i><i>advise<\/i><i> you according to your style, your expectations and your <\/i><i>personality<\/i><i>. Far from classic hairstyling, my style is closer to \u00ab\u00a0hair do, <\/i><i>to <\/i><i>un-hair<\/i><i> do<\/i><i>\u00ab\u00a0, a more <\/i><i>natural twist. Your <\/i><i>c<\/i><i>hoic<\/i><i>e<\/i><i> of<\/i><i> dress and <\/i><i>make up<\/i><i> will be<\/i> <i>important<\/i> <i>for me too, in order to help you find the most suitable <\/i><i>hairstyle.<\/i><\/p>\n<p><i>First of all, an appointment<\/i> <i>at home (or the place where you need me to do the test) or at my corner studio <a href=\"https:\/\/www.instagram.com\/dreamhairjaguarshoes\/?hl=fr\">Dream hair jaguar shoes<\/a> will be necessary to test 2\/3 styles, then, on the Big Day, your hair will be prepared to achieve your chosen style.<\/i><\/p>\n<p><i>To get a full quote, don&rsquo;t hesitate to email me at <\/i><a href=\"mailto:contact@eglantinereigniez.com\"><i>contact@eglantinereigniez.com<\/i><\/a><i> with the following details :<\/i><\/p>\n<ul>\n<li data-listid=\"3\" data-aria-posinset=\"1\" data-aria-level=\"1\"><i>Y<\/i><i>our address (or the place where I need to do the test)<\/i><\/li>\n<li data-listid=\"3\" data-aria-posinset=\"2\" data-aria-level=\"1\"><i>T<\/i><i>he day and time of the wedding\u00a0<\/i><\/li>\n<li data-listid=\"3\" data-aria-posinset=\"3\" data-aria-level=\"1\"><i>T<\/i><i>he place of the wedding (where I will need to prep you)<\/i><\/li>\n<li data-listid=\"3\" data-aria-posinset=\"4\" data-aria-level=\"1\"><i>T<\/i><i>he mood board of hairstyles you dream of (for more inspiration, you can check my <a href=\"https:\/\/fr.pinterest.com\/ereigniez\/?etslf=14476&amp;eq=eglantine%20reigniez\">Pinterest<\/a> mood board)<\/i><\/li>\n<li data-listid=\"3\" data-aria-posinset=\"4\" data-aria-level=\"1\"><em>photo of your wedding dress<\/em><\/li>\n<li data-listid=\"3\" data-aria-posinset=\"4\" data-aria-level=\"1\"><em>picture of your hair (simply to see the length and also to get an idea of the texture)<\/em><\/li>\n<\/ul>\n\n\n<figure class=\"wp-block-gallery has-nested-images columns-default is-cropped wp-block-gallery-1 is-layout-flex wp-block-gallery-is-layout-flex\">\n<figure class=\"wp-block-image size-large\"><img loading=\"lazy\" decoding=\"async\" width=\"683\" height=\"1024\" data-id=\"6061\" src=\"https:\/\/eglantinereigniez.com\/wp-content\/uploads\/2022\/01\/ae-846-683x1024.jpg\" alt=\"\" class=\"wp-image-6061\"\/><\/figure>\n\n\n\n<figure class=\"wp-block-image size-large\"><img loading=\"lazy\" decoding=\"async\" width=\"683\" height=\"1024\" data-id=\"6062\" src=\"https:\/\/eglantinereigniez.com\/wp-content\/uploads\/2022\/01\/IMG_5820-683x1024.jpg\" alt=\"\" class=\"wp-image-6062\"\/><\/figure>\n\n\n\n<figure class=\"wp-block-image size-large\"><img loading=\"lazy\" decoding=\"async\" width=\"682\" height=\"1024\" data-id=\"6063\" src=\"https:\/\/eglantinereigniez.com\/wp-content\/uploads\/2022\/01\/IMG_7183-682x1024.jpg\" alt=\"\" class=\"wp-image-6063\"\/><\/figure>\n\n\n\n<figure class=\"wp-block-image size-large\"><img loading=\"lazy\" decoding=\"async\" width=\"794\" height=\"990\" data-id=\"6064\" src=\"https:\/\/eglantinereigniez.com\/wp-content\/uploads\/2022\/01\/5E8D2A6A-AD66-4B9A-BF94-38E0E9AD2C64_1_105_c.jpeg\" alt=\"\" class=\"wp-image-6064\"\/><\/figure>\n\n\n\n<figure class=\"wp-block-image size-large\"><img loading=\"lazy\" decoding=\"async\" width=\"794\" height=\"990\" data-id=\"6065\" src=\"https:\/\/eglantinereigniez.com\/wp-content\/uploads\/2022\/01\/0364E9DD-03B2-4A91-B19B-0DE858E44851_1_105_c.jpeg\" alt=\"\" class=\"wp-image-6065\"\/><\/figure>\n\n\n\n<figure class=\"wp-block-image size-large\"><img loading=\"lazy\" decoding=\"async\" width=\"683\" height=\"1024\" data-id=\"6066\" src=\"https:\/\/eglantinereigniez.com\/wp-content\/uploads\/2022\/01\/IMG_8329-683x1024.jpg\" alt=\"\" class=\"wp-image-6066\"\/><\/figure>\n\n\n\n<figure class=\"wp-block-image size-large\"><img loading=\"lazy\" decoding=\"async\" width=\"1024\" height=\"683\" data-id=\"6067\" src=\"https:\/\/eglantinereigniez.com\/wp-content\/uploads\/2022\/01\/MargauxetEtienne-84.jpg\" alt=\"\" class=\"wp-image-6067\"\/><\/figure>\n\n\n\n<figure class=\"wp-block-image size-large\"><img loading=\"lazy\" decoding=\"async\" width=\"683\" height=\"1024\" data-id=\"6068\" src=\"https:\/\/eglantinereigniez.com\/wp-content\/uploads\/2022\/01\/MargauxetEtienne-95-683x1024.jpg\" alt=\"\" class=\"wp-image-6068\"\/><\/figure>\n\n\n\n<figure class=\"wp-block-image size-large\"><img loading=\"lazy\" decoding=\"async\" width=\"683\" height=\"1024\" data-id=\"6069\" src=\"https:\/\/eglantinereigniez.com\/wp-content\/uploads\/2022\/01\/MargauxJonathan_-61-683x1024.jpg\" alt=\"\" class=\"wp-image-6069\"\/><\/figure>\n\n\n\n<figure class=\"wp-block-image size-large\"><img loading=\"lazy\" decoding=\"async\" width=\"683\" height=\"1024\" data-id=\"6070\" src=\"https:\/\/eglantinereigniez.com\/wp-content\/uploads\/2022\/01\/MargauxJonathan_-300-683x1024.jpg\" alt=\"\" class=\"wp-image-6070\"\/><\/figure>\n\n\n\n<figure class=\"wp-block-image size-large\"><img loading=\"lazy\" decoding=\"async\" width=\"683\" height=\"1024\" data-id=\"6071\" src=\"https:\/\/eglantinereigniez.com\/wp-content\/uploads\/2022\/01\/IMG_6552-683x1024.jpeg\" alt=\"\" class=\"wp-image-6071\"\/><\/figure>\n\n\n\n<figure class=\"wp-block-image size-large\"><img loading=\"lazy\" decoding=\"async\" width=\"681\" height=\"1024\" data-id=\"6072\" src=\"https:\/\/eglantinereigniez.com\/wp-content\/uploads\/2022\/01\/210821-Mariage_MarionHugo-506-681x1024.jpg\" alt=\"\" class=\"wp-image-6072\"\/><\/figure>\n<\/figure>\n<p><a href=\"\/\/www.pinterest.com\/pin\/create\/button\/\" data-pin-do=\"buttonBookmark\" data-pin-color=\"red\" data-pin-height=\"128\"><img decoding=\"async\" src=\"\/\/assets.pinterest.com\/images\/pidgets\/pinit_fg_en_rect_red_28.png\" \/><\/a><\/p>","protected":false},"excerpt":{"rendered":"<p>Chaque mariage est une aventure, chaque mari\u00e9e est unique, c&rsquo;est pourquoi je vous propose un service bas\u00e9 sur l&rsquo;\u00e9coute et la confiance. Je suis partisane du naturel et du rester soi m\u00eame.\u00a0 C\u2019est normal d\u2019avoir des doutes sur votre hairstyle, c\u2019est donc pour cela que mon test inclut plusieurs hairstyles \u00e0 essayer. Je travaille en [&hellip;]<\/p>\n","protected":false},"author":1,"featured_media":83,"parent":0,"menu_order":0,"comment_status":"closed","ping_status":"closed","template":"","meta":{"footnotes":""},"class_list":["post-38","page","type-page","status-publish","has-post-thumbnail"],"_links":{"self":[{"href":"https:\/\/eglantinereigniez.com\/index.php\/wp-json\/wp\/v2\/pages\/38","targetHints":{"allow":["GET"]}}],"collection":[{"href":"https:\/\/eglantinereigniez.com\/index.php\/wp-json\/wp\/v2\/pages"}],"about":[{"href":"https:\/\/eglantinereigniez.com\/index.php\/wp-json\/wp\/v2\/types\/page"}],"author":[{"embeddable":true,"href":"https:\/\/eglantinereigniez.com\/index.php\/wp-json\/wp\/v2\/users\/1"}],"replies":[{"embeddable":true,"href":"https:\/\/eglantinereigniez.com\/index.php\/wp-json\/wp\/v2\/comments?post=38"}],"version-history":[{"count":34,"href":"https:\/\/eglantinereigniez.com\/index.php\/wp-json\/wp\/v2\/pages\/38\/revisions"}],"predecessor-version":[{"id":8588,"href":"https:\/\/eglantinereigniez.com\/index.php\/wp-json\/wp\/v2\/pages\/38\/revisions\/8588"}],"wp:featuredmedia":[{"embeddable":true,"href":"https:\/\/eglantinereigniez.com\/index.php\/wp-json\/wp\/v2\/media\/83"}],"wp:attachment":[{"href":"https:\/\/eglantinereigniez.com\/index.php\/wp-json\/wp\/v2\/media?parent=38"}],"curies":[{"name":"wp","href":"https:\/\/api.w.org\/{rel}","templated":true}]}}