{"id":72,"date":"2016-11-21T10:44:03","date_gmt":"2016-11-21T09:44:03","guid":{"rendered":"https:\/\/eglantinereigniez.com\/?page_id=72"},"modified":"2020-05-16T11:51:42","modified_gmt":"2020-05-16T09:51:42","slug":"a-propos","status":"publish","type":"page","link":"https:\/\/eglantinereigniez.com\/index.php\/a-propos\/","title":{"rendered":"A propos"},"content":{"rendered":"<p>Partie \u00e0 l&rsquo;aventure \u00e0 Londres il y a plus de 10 ans, j&rsquo;ai r\u00e9int\u00e9gr\u00e9e le pays des Pins et du Surf, the one and only, Wonderlandes. Le coeur et l&rsquo;esprit enivr\u00e9s de rencontres fascinantes et d&rsquo;inspiration sans limite, boost\u00e9e d&rsquo;une nouvelle energie, je me suis d\u00e9cid\u00e9e \u00e0 mettre en pratique mon kiffe du Cheveu et du Nail Art.<\/p>\n<p>En tant que Hairstylist et Nail Artist, je vous propose plusieurs prestations : le <a href=\"https:\/\/eglantinereigniez.com\/index.php\/coiffeur-mariage\/\">Mariage<\/a>, le <a href=\"https:\/\/eglantinereigniez.com\/index.php\/2016\/12\/28\/shooting-test-wad-mag-online\/\">Studio<\/a> et mon HAIR &amp; NAIL ART Bar, <a href=\"https:\/\/eglantinereigniez.com\/index.php\/evenements\/\">Dream Hair Jaguar Shoes<\/a>.<\/p>\n<p>N&rsquo;h\u00e9sitez pas <a href=\"https:\/\/eglantinereigniez.com\/index.php\/contact\/\">a me contacter<\/a> pour demander un devis et me suivre sur les r\u00e9seaux sociaux.<\/p>\n<hr \/>\n<p><i>After<\/i> <i>enjoying<\/i><i> a <\/i><i>rather<\/i> <i>inspiring<\/i> <i>life in London for<\/i> <i>10 <\/i><i>years<\/i><i>, I <\/i><i>decided<\/i><i> to come back to <\/i><i>my<\/i> <i>roots<\/i><i>, <\/i><i>my<\/i> <i>beaches<\/i><i> and a <\/i><i>certain <\/i><i>way<\/i><i> of life<\/i><i>, <\/i><i>my<\/i><i> \u00ab\u00a0<\/i><i>wonderlandes<\/i><i>\u00ab\u00a0.\u00a0<\/i><i>The heart and <\/i><i>soul<\/i><i> fulfilled with amazing and inspiring encounters, invigorated by a new energy, I<\/i> <i>decided to use my experience and ability in <\/i><i>the art of hairstyling and Nail Art, which I&rsquo;ve always thrived <\/i><i>on<\/i> <i>and <\/i><i>develop<\/i><i>ed<\/i><i> in London.<\/i><\/p>\n<p><i>As a fashion hairstylist and Nail Artist, I propose 2 <\/i><i>services : <\/i><a href=\"https:\/\/eglantinereigniez.com\/index.php\/mariage\/\"><i>weddings <\/i><\/a><i><a href=\"https:\/\/eglantinereigniez.com\/index.php\/category\/editorial\/\">fashion shoot<\/a> and my HAIR &amp; NAIL ART Bar Dream Hair Jaguar Shoes.<\/i><\/p>\n<p><i>Please <a href=\"https:\/\/eglantinereigniez.com\/index.php\/contact\/\">contact me<\/a> for any enquiries or quote.\u00a0<\/i><\/p>\n<p><i>Follow me on <\/i><a href=\"http:\/\/www.instagram.com\/eglantinereigniez\"><i>I<\/i><i>nstagram<\/i><\/a><i> and <\/i><a href=\"https:\/\/www.facebook.com\/eglantine.reigniez?ref=bookmarks\"><i>F<\/i><i>acebook<\/i><\/a><i>.<\/i><\/p>\n<p><a href=\"\/\/www.pinterest.com\/pin\/create\/button\/\" data-pin-do=\"buttonBookmark\" data-pin-color=\"red\" data-pin-height=\"128\"><img decoding=\"async\" src=\"\/\/assets.pinterest.com\/images\/pidgets\/pinit_fg_en_rect_red_28.png\" \/><\/a><\/p>","protected":false},"excerpt":{"rendered":"<p>Partie \u00e0 l&rsquo;aventure \u00e0 Londres il y a plus de 10 ans, j&rsquo;ai r\u00e9int\u00e9gr\u00e9e le pays des Pins et du Surf, the one and only, Wonderlandes. Le coeur et l&rsquo;esprit enivr\u00e9s de rencontres fascinantes et d&rsquo;inspiration sans limite, boost\u00e9e d&rsquo;une nouvelle energie, je me suis d\u00e9cid\u00e9e \u00e0 mettre en pratique mon kiffe du Cheveu et [&hellip;]<\/p>\n","protected":false},"author":1,"featured_media":549,"parent":0,"menu_order":0,"comment_status":"closed","ping_status":"closed","template":"","meta":{"footnotes":""},"class_list":["post-72","page","type-page","status-publish","has-post-thumbnail"],"_links":{"self":[{"href":"https:\/\/eglantinereigniez.com\/index.php\/wp-json\/wp\/v2\/pages\/72","targetHints":{"allow":["GET"]}}],"collection":[{"href":"https:\/\/eglantinereigniez.com\/index.php\/wp-json\/wp\/v2\/pages"}],"about":[{"href":"https:\/\/eglantinereigniez.com\/index.php\/wp-json\/wp\/v2\/types\/page"}],"author":[{"embeddable":true,"href":"https:\/\/eglantinereigniez.com\/index.php\/wp-json\/wp\/v2\/users\/1"}],"replies":[{"embeddable":true,"href":"https:\/\/eglantinereigniez.com\/index.php\/wp-json\/wp\/v2\/comments?post=72"}],"version-history":[{"count":15,"href":"https:\/\/eglantinereigniez.com\/index.php\/wp-json\/wp\/v2\/pages\/72\/revisions"}],"predecessor-version":[{"id":2093,"href":"https:\/\/eglantinereigniez.com\/index.php\/wp-json\/wp\/v2\/pages\/72\/revisions\/2093"}],"wp:featuredmedia":[{"embeddable":true,"href":"https:\/\/eglantinereigniez.com\/index.php\/wp-json\/wp\/v2\/media\/549"}],"wp:attachment":[{"href":"https:\/\/eglantinereigniez.com\/index.php\/wp-json\/wp\/v2\/media?parent=72"}],"curies":[{"name":"wp","href":"https:\/\/api.w.org\/{rel}","templated":true}]}}