{"id":10386,"date":"2023-04-17T09:32:39","date_gmt":"2023-04-17T07:32:39","guid":{"rendered":"https:\/\/eglantinereigniez.com\/?post_type=product&#038;p=10386"},"modified":"2025-04-01T13:19:55","modified_gmt":"2025-04-01T11:19:55","slug":"sac-chamallow-lagon-vert","status":"publish","type":"product","link":"https:\/\/eglantinereigniez.com\/index.php\/produit\/sac-chamallow-lagon-vert\/","title":{"rendered":"sac CHAMALLOW Lagon vert"},"content":{"rendered":"<p>Inspir\u00e9 des sacs japonais traditionnels, chaque mini fourre-tout est unique, car enti\u00e8rement cousu main \u00e0 Hossegor, en tissu satin tr\u00e8s l\u00e9ger, fabriqu\u00e9 en Italie.<\/p>\n<p>100% polyester<\/p>\n<p><img loading=\"lazy\" decoding=\"async\" class=\"alignnone size-full wp-image-10374\" src=\"https:\/\/eglantinereigniez.com\/wp-content\/uploads\/2023\/04\/IMG_8958-scaled-e1680364683257.jpg\" alt=\"\" width=\"1000\" height=\"1245\" \/><\/p>\n","protected":false},"excerpt":{"rendered":"<p>Inspir\u00e9 des sacs japonais traditionnels, chaque mini fourre-tout est unique, car enti\u00e8rement cousu main \u00e0 Hossegor, en tissu satin tr\u00e8s l\u00e9ger, fabriqu\u00e9 en Italie. 100% polyester<\/p>\n","protected":false},"featured_media":10374,"template":"","meta":[],"product_brand":[],"product_cat":[25,90,75],"product_tag":[],"class_list":{"0":"post-10386","1":"product","2":"type-product","3":"status-publish","4":"has-post-thumbnail","6":"product_cat-accessoires","7":"product_cat-accessoires-occasion-speciale","8":"product_cat-sacs","9":"product_shipping_class-sacs","11":"first","12":"outofstock","13":"shipping-taxable","14":"purchasable","15":"product-type-simple"},"_links":{"self":[{"href":"https:\/\/eglantinereigniez.com\/index.php\/wp-json\/wp\/v2\/product\/10386","targetHints":{"allow":["GET"]}}],"collection":[{"href":"https:\/\/eglantinereigniez.com\/index.php\/wp-json\/wp\/v2\/product"}],"about":[{"href":"https:\/\/eglantinereigniez.com\/index.php\/wp-json\/wp\/v2\/types\/product"}],"wp:featuredmedia":[{"embeddable":true,"href":"https:\/\/eglantinereigniez.com\/index.php\/wp-json\/wp\/v2\/media\/10374"}],"wp:attachment":[{"href":"https:\/\/eglantinereigniez.com\/index.php\/wp-json\/wp\/v2\/media?parent=10386"}],"wp:term":[{"taxonomy":"product_brand","embeddable":true,"href":"https:\/\/eglantinereigniez.com\/index.php\/wp-json\/wp\/v2\/product_brand?post=10386"},{"taxonomy":"product_cat","embeddable":true,"href":"https:\/\/eglantinereigniez.com\/index.php\/wp-json\/wp\/v2\/product_cat?post=10386"},{"taxonomy":"product_tag","embeddable":true,"href":"https:\/\/eglantinereigniez.com\/index.php\/wp-json\/wp\/v2\/product_tag?post=10386"}],"curies":[{"name":"wp","href":"https:\/\/api.w.org\/{rel}","templated":true}]}}