{"id":10885,"date":"2023-04-16T17:49:54","date_gmt":"2023-04-16T15:49:54","guid":{"rendered":"https:\/\/eglantinereigniez.com\/?post_type=product&#038;p=10885"},"modified":"2023-05-05T17:54:15","modified_gmt":"2023-05-05T15:54:15","slug":"collier-bille-gold","status":"publish","type":"product","link":"https:\/\/eglantinereigniez.com\/index.php\/produit\/collier-bille-gold\/","title":{"rendered":"Collier BILLE gold"},"content":{"rendered":"<p>Collier bille ras de cou et mousqueton en acier inoxydable plaqu\u00e9 or. (le m\u00e9daillon SMILEY est vendu s\u00e9par\u00e9ment)<\/p>\n<p>Collection MIX N MATCH.<\/p>\n<p>Imagine ton collier f\u00e9tiche ! Choisis ton collier et choisis ton pendentif.<\/p>\n<p><img loading=\"lazy\" decoding=\"async\" class=\"alignnone size-full wp-image-10955\" src=\"https:\/\/eglantinereigniez.com\/wp-content\/uploads\/2023\/04\/IMG_9240-1-scaled-e1681570804303.jpg\" alt=\"\" width=\"1000\" height=\"1253\" \/><\/p>\n","protected":false},"excerpt":{"rendered":"<p>Collier bille ras de cou et mousqueton en acier inoxydable plaqu\u00e9 or. (le m\u00e9daillon SMILEY est vendu s\u00e9par\u00e9ment) Collection MIX N MATCH. Imagine ton collier f\u00e9tiche ! Choisis ton collier et choisis ton pendentif.<\/p>\n","protected":false},"featured_media":10948,"template":"","meta":[],"product_brand":[],"product_cat":[25,36],"product_tag":[],"class_list":{"0":"post-10885","1":"product","2":"type-product","3":"status-publish","4":"has-post-thumbnail","6":"product_cat-accessoires","7":"product_cat-colliers","9":"first","10":"instock","11":"shipping-taxable","12":"purchasable","13":"product-type-simple"},"_links":{"self":[{"href":"https:\/\/eglantinereigniez.com\/index.php\/wp-json\/wp\/v2\/product\/10885","targetHints":{"allow":["GET"]}}],"collection":[{"href":"https:\/\/eglantinereigniez.com\/index.php\/wp-json\/wp\/v2\/product"}],"about":[{"href":"https:\/\/eglantinereigniez.com\/index.php\/wp-json\/wp\/v2\/types\/product"}],"wp:featuredmedia":[{"embeddable":true,"href":"https:\/\/eglantinereigniez.com\/index.php\/wp-json\/wp\/v2\/media\/10948"}],"wp:attachment":[{"href":"https:\/\/eglantinereigniez.com\/index.php\/wp-json\/wp\/v2\/media?parent=10885"}],"wp:term":[{"taxonomy":"product_brand","embeddable":true,"href":"https:\/\/eglantinereigniez.com\/index.php\/wp-json\/wp\/v2\/product_brand?post=10885"},{"taxonomy":"product_cat","embeddable":true,"href":"https:\/\/eglantinereigniez.com\/index.php\/wp-json\/wp\/v2\/product_cat?post=10885"},{"taxonomy":"product_tag","embeddable":true,"href":"https:\/\/eglantinereigniez.com\/index.php\/wp-json\/wp\/v2\/product_tag?post=10885"}],"curies":[{"name":"wp","href":"https:\/\/api.w.org\/{rel}","templated":true}]}}