{"id":10978,"date":"2023-04-15T18:34:15","date_gmt":"2023-04-15T16:34:15","guid":{"rendered":"https:\/\/eglantinereigniez.com\/?post_type=product&#038;p=10978"},"modified":"2023-04-16T20:03:19","modified_gmt":"2023-04-16T18:03:19","slug":"medaillon-smiley-wink","status":"publish","type":"product","link":"https:\/\/eglantinereigniez.com\/index.php\/produit\/medaillon-smiley-wink\/","title":{"rendered":"M\u00e9daillon SMILEY WINK"},"content":{"rendered":"<p>Pendentif en m\u00e9tal plaqu\u00e9 or. (collier LACET rouge vendu s\u00e9par\u00e9ment)<\/p>\n<p>Collection MIX N MATCH.<\/p>\n<p>Imagine ton collier f\u00e9tiche ! Choisis ton collier et choisis ton pendentif.<\/p>\n<p><img loading=\"lazy\" decoding=\"async\" class=\"alignnone size-full wp-image-10957\" src=\"https:\/\/eglantinereigniez.com\/wp-content\/uploads\/2023\/04\/IMG_9197-2-scaled-e1681571629578.jpg\" alt=\"\" width=\"1000\" height=\"1333\" \/><\/p>\n","protected":false},"excerpt":{"rendered":"<p>Pendentif en m\u00e9tal plaqu\u00e9 or. (collier LACET rouge vendu s\u00e9par\u00e9ment) Collection MIX N MATCH. Imagine ton collier f\u00e9tiche ! Choisis ton collier et choisis ton pendentif.<\/p>\n","protected":false},"featured_media":10987,"template":"","meta":[],"product_brand":[],"product_cat":[25,36],"product_tag":[],"class_list":{"0":"post-10978","1":"product","2":"type-product","3":"status-publish","4":"has-post-thumbnail","6":"product_cat-accessoires","7":"product_cat-colliers","9":"first","10":"instock","11":"shipping-taxable","12":"purchasable","13":"product-type-simple"},"_links":{"self":[{"href":"https:\/\/eglantinereigniez.com\/index.php\/wp-json\/wp\/v2\/product\/10978","targetHints":{"allow":["GET"]}}],"collection":[{"href":"https:\/\/eglantinereigniez.com\/index.php\/wp-json\/wp\/v2\/product"}],"about":[{"href":"https:\/\/eglantinereigniez.com\/index.php\/wp-json\/wp\/v2\/types\/product"}],"wp:featuredmedia":[{"embeddable":true,"href":"https:\/\/eglantinereigniez.com\/index.php\/wp-json\/wp\/v2\/media\/10987"}],"wp:attachment":[{"href":"https:\/\/eglantinereigniez.com\/index.php\/wp-json\/wp\/v2\/media?parent=10978"}],"wp:term":[{"taxonomy":"product_brand","embeddable":true,"href":"https:\/\/eglantinereigniez.com\/index.php\/wp-json\/wp\/v2\/product_brand?post=10978"},{"taxonomy":"product_cat","embeddable":true,"href":"https:\/\/eglantinereigniez.com\/index.php\/wp-json\/wp\/v2\/product_cat?post=10978"},{"taxonomy":"product_tag","embeddable":true,"href":"https:\/\/eglantinereigniez.com\/index.php\/wp-json\/wp\/v2\/product_tag?post=10978"}],"curies":[{"name":"wp","href":"https:\/\/api.w.org\/{rel}","templated":true}]}}