{"id":11259,"date":"2023-05-13T18:35:06","date_gmt":"2023-05-13T16:35:06","guid":{"rendered":"https:\/\/eglantinereigniez.com\/?post_type=product&#038;p=11259"},"modified":"2024-04-19T16:33:57","modified_gmt":"2024-04-19T14:33:57","slug":"wrist-wrap-give-some-lovin-bracelet-a-nouer-vert-fluo","status":"publish","type":"product","link":"https:\/\/eglantinereigniez.com\/index.php\/produit\/wrist-wrap-give-some-lovin-bracelet-a-nouer-vert-fluo\/","title":{"rendered":"Wrist Wrap GIVE SOME LOVIN &#8211; Bracelet \u00e0 nouer vert fluo"},"content":{"rendered":"<p>Bracelet en fil polyester cir\u00e9 avec mini coeur en H\u00e9matite dor\u00e9 \u00e0 l\u2019or fin.<\/p>\n<p>A nouer autour du poignet, avec un triple noeud pour \u00eatre, tour \u00e0 tour, votre gage de Love, votre d\u00e9claration d\u2019amour, mais aussi votre passeport bien \u00eatre int\u00e9rieur.<\/p>\n<p><img loading=\"lazy\" decoding=\"async\" class=\"alignnone size-full wp-image-9341\" src=\"https:\/\/eglantinereigniez.com\/wp-content\/uploads\/2022\/10\/26C40491-CC80-42E8-B447-099EAA7A0D2B.jpg\" alt=\"\" width=\"1440\" height=\"1800\" \/><\/p>\n<p><img loading=\"lazy\" decoding=\"async\" class=\"alignnone size-full wp-image-9342\" src=\"https:\/\/eglantinereigniez.com\/wp-content\/uploads\/2022\/10\/948474DD-BFE3-469B-B2EE-BB4A4F1C692C.jpg\" alt=\"\" width=\"828\" height=\"1472\" \/><\/p>\n<p>&nbsp;<\/p>\n","protected":false},"excerpt":{"rendered":"<p>Bracelet en fil polyester cir\u00e9 avec mini coeur en H\u00e9matite dor\u00e9 \u00e0 l\u2019or fin. A nouer autour du poignet, avec un triple noeud pour \u00eatre, tour \u00e0 tour, votre gage de Love, votre d\u00e9claration d\u2019amour, mais aussi votre passeport bien \u00eatre int\u00e9rieur. &nbsp;<\/p>\n","protected":false},"featured_media":11263,"template":"","meta":[],"product_brand":[],"product_cat":[25,37],"product_tag":[],"class_list":{"0":"post-11259","1":"product","2":"type-product","3":"status-publish","4":"has-post-thumbnail","6":"product_cat-accessoires","7":"product_cat-bracelet","9":"first","10":"instock","11":"shipping-taxable","12":"purchasable","13":"product-type-simple"},"_links":{"self":[{"href":"https:\/\/eglantinereigniez.com\/index.php\/wp-json\/wp\/v2\/product\/11259","targetHints":{"allow":["GET"]}}],"collection":[{"href":"https:\/\/eglantinereigniez.com\/index.php\/wp-json\/wp\/v2\/product"}],"about":[{"href":"https:\/\/eglantinereigniez.com\/index.php\/wp-json\/wp\/v2\/types\/product"}],"wp:featuredmedia":[{"embeddable":true,"href":"https:\/\/eglantinereigniez.com\/index.php\/wp-json\/wp\/v2\/media\/11263"}],"wp:attachment":[{"href":"https:\/\/eglantinereigniez.com\/index.php\/wp-json\/wp\/v2\/media?parent=11259"}],"wp:term":[{"taxonomy":"product_brand","embeddable":true,"href":"https:\/\/eglantinereigniez.com\/index.php\/wp-json\/wp\/v2\/product_brand?post=11259"},{"taxonomy":"product_cat","embeddable":true,"href":"https:\/\/eglantinereigniez.com\/index.php\/wp-json\/wp\/v2\/product_cat?post=11259"},{"taxonomy":"product_tag","embeddable":true,"href":"https:\/\/eglantinereigniez.com\/index.php\/wp-json\/wp\/v2\/product_tag?post=11259"}],"curies":[{"name":"wp","href":"https:\/\/api.w.org\/{rel}","templated":true}]}}