{"id":11563,"date":"2023-10-08T20:30:50","date_gmt":"2023-10-08T18:30:50","guid":{"rendered":"https:\/\/eglantinereigniez.com\/?post_type=product&#038;p=11563"},"modified":"2024-04-19T16:36:41","modified_gmt":"2024-04-19T14:36:41","slug":"sac-chamallow-effet-cuir-marron","status":"publish","type":"product","link":"https:\/\/eglantinereigniez.com\/index.php\/produit\/sac-chamallow-effet-cuir-marron\/","title":{"rendered":"Sac CHAMALLOW effet cuir marron"},"content":{"rendered":"<p>Inspir\u00e9 des sacs japonais traditionnels, chaque mini fourre-tout est unique, car enti\u00e8rement cousu main \u00e0 Hossegor, en tissu effet cuir marron.<\/p>\n<p>95%\u00a0<span class=\"dictionary\" data-description=\"Le polyester est une fibre synth\u00e9tique largement utilis\u00e9 pour la confection de v\u00eatement. Cette mati\u00e8re tr\u00e8s facile d'entretien, se froisse peu et est ind\u00e9formable.\">Polyester<\/span>\u00a05% Elasthanne<\/p>\n<p><img loading=\"lazy\" decoding=\"async\" class=\"alignnone size-full wp-image-12155\" src=\"https:\/\/eglantinereigniez.com\/wp-content\/uploads\/2023\/10\/sac-chamallow-marron-cuir.jpg\" alt=\"\" width=\"1000\" height=\"1333\" \/><\/p>\n","protected":false},"excerpt":{"rendered":"<p>Inspir\u00e9 des sacs japonais traditionnels, chaque mini fourre-tout est unique, car enti\u00e8rement cousu main \u00e0 Hossegor, en tissu effet cuir marron. 95%\u00a0Polyester\u00a05% Elasthanne<\/p>\n","protected":false},"featured_media":12154,"template":"","meta":[],"product_brand":[],"product_cat":[25,90,75],"product_tag":[],"class_list":{"0":"post-11563","1":"product","2":"type-product","3":"status-publish","4":"has-post-thumbnail","6":"product_cat-accessoires","7":"product_cat-accessoires-occasion-speciale","8":"product_cat-sacs","10":"first","11":"instock","12":"shipping-taxable","13":"purchasable","14":"product-type-simple"},"_links":{"self":[{"href":"https:\/\/eglantinereigniez.com\/index.php\/wp-json\/wp\/v2\/product\/11563","targetHints":{"allow":["GET"]}}],"collection":[{"href":"https:\/\/eglantinereigniez.com\/index.php\/wp-json\/wp\/v2\/product"}],"about":[{"href":"https:\/\/eglantinereigniez.com\/index.php\/wp-json\/wp\/v2\/types\/product"}],"wp:featuredmedia":[{"embeddable":true,"href":"https:\/\/eglantinereigniez.com\/index.php\/wp-json\/wp\/v2\/media\/12154"}],"wp:attachment":[{"href":"https:\/\/eglantinereigniez.com\/index.php\/wp-json\/wp\/v2\/media?parent=11563"}],"wp:term":[{"taxonomy":"product_brand","embeddable":true,"href":"https:\/\/eglantinereigniez.com\/index.php\/wp-json\/wp\/v2\/product_brand?post=11563"},{"taxonomy":"product_cat","embeddable":true,"href":"https:\/\/eglantinereigniez.com\/index.php\/wp-json\/wp\/v2\/product_cat?post=11563"},{"taxonomy":"product_tag","embeddable":true,"href":"https:\/\/eglantinereigniez.com\/index.php\/wp-json\/wp\/v2\/product_tag?post=11563"}],"curies":[{"name":"wp","href":"https:\/\/api.w.org\/{rel}","templated":true}]}}