{"id":12277,"date":"2023-11-24T17:27:50","date_gmt":"2023-11-24T16:27:50","guid":{"rendered":"https:\/\/eglantinereigniez.com\/?post_type=product&#038;p=12277"},"modified":"2024-04-19T16:36:19","modified_gmt":"2024-04-19T14:36:19","slug":"sac-chamallow-argent","status":"publish","type":"product","link":"https:\/\/eglantinereigniez.com\/index.php\/produit\/sac-chamallow-argent\/","title":{"rendered":"Sac CHAMALLOW argent"},"content":{"rendered":"<p>Inspir\u00e9 des sacs japonais traditionnels, chaque mini fourre-tout est unique, car enti\u00e8rement cousu main \u00e0 Hossegor, en tissu aspect m\u00e9tallique Argent.<\/p>\n<p>95%\u00a0<span class=\"dictionary\" data-description=\"Le polyester est une fibre synth\u00e9tique largement utilis\u00e9 pour la confection de v\u00eatement. Cette mati\u00e8re tr\u00e8s facile d'entretien, se froisse peu et est ind\u00e9formable.\">Polyester<\/span>\u00a05% Elasthanne<\/p>\n<p><img loading=\"lazy\" decoding=\"async\" class=\"alignnone size-full wp-image-12284\" src=\"https:\/\/eglantinereigniez.com\/wp-content\/uploads\/2023\/11\/IMG_4007.jpg\" alt=\"sac chamallow argent accessoire pour mariage et fetes de fin d'ann\u00e9e\" width=\"1000\" height=\"1333\" \/><\/p>\n<p><img loading=\"lazy\" decoding=\"async\" class=\"alignnone size-full wp-image-12332\" src=\"https:\/\/eglantinereigniez.com\/wp-content\/uploads\/2023\/11\/IMG_2973-2-e1700843539845.jpg\" alt=\"\" width=\"806\" height=\"1467\" \/><\/p>\n","protected":false},"excerpt":{"rendered":"<p>Inspir\u00e9 des sacs japonais traditionnels, chaque mini fourre-tout est unique, car enti\u00e8rement cousu main \u00e0 Hossegor, en tissu aspect m\u00e9tallique Argent. 95%\u00a0Polyester\u00a05% Elasthanne<\/p>\n","protected":false},"featured_media":12303,"template":"","meta":[],"product_brand":[],"product_cat":[25,28,90,75],"product_tag":[],"class_list":{"0":"post-12277","1":"product","2":"type-product","3":"status-publish","4":"has-post-thumbnail","6":"product_cat-accessoires","7":"product_cat-accessoire-cheveux-mariage","8":"product_cat-accessoires-occasion-speciale","9":"product_cat-sacs","11":"first","12":"instock","13":"shipping-taxable","14":"purchasable","15":"product-type-simple"},"_links":{"self":[{"href":"https:\/\/eglantinereigniez.com\/index.php\/wp-json\/wp\/v2\/product\/12277","targetHints":{"allow":["GET"]}}],"collection":[{"href":"https:\/\/eglantinereigniez.com\/index.php\/wp-json\/wp\/v2\/product"}],"about":[{"href":"https:\/\/eglantinereigniez.com\/index.php\/wp-json\/wp\/v2\/types\/product"}],"wp:featuredmedia":[{"embeddable":true,"href":"https:\/\/eglantinereigniez.com\/index.php\/wp-json\/wp\/v2\/media\/12303"}],"wp:attachment":[{"href":"https:\/\/eglantinereigniez.com\/index.php\/wp-json\/wp\/v2\/media?parent=12277"}],"wp:term":[{"taxonomy":"product_brand","embeddable":true,"href":"https:\/\/eglantinereigniez.com\/index.php\/wp-json\/wp\/v2\/product_brand?post=12277"},{"taxonomy":"product_cat","embeddable":true,"href":"https:\/\/eglantinereigniez.com\/index.php\/wp-json\/wp\/v2\/product_cat?post=12277"},{"taxonomy":"product_tag","embeddable":true,"href":"https:\/\/eglantinereigniez.com\/index.php\/wp-json\/wp\/v2\/product_tag?post=12277"}],"curies":[{"name":"wp","href":"https:\/\/api.w.org\/{rel}","templated":true}]}}