{"id":12970,"date":"2024-05-19T12:32:28","date_gmt":"2024-05-19T10:32:28","guid":{"rendered":"https:\/\/eglantinereigniez.com\/?post_type=product&#038;p=12970"},"modified":"2024-05-19T12:34:20","modified_gmt":"2024-05-19T10:34:20","slug":"bracelet-damitie-initials","status":"publish","type":"product","link":"https:\/\/eglantinereigniez.com\/index.php\/produit\/bracelet-damitie-initials\/","title":{"rendered":"Bracelet d&rsquo;amiti\u00e9 INITIALS"},"content":{"rendered":"<p>Bracelet d&rsquo;amiti\u00e9 \u00e0 collectionner en fil polyester cir\u00e9 et lettre metal &amp; strass.<\/p>\n<p>Chaque bracelet est unique et tiss\u00e9 main.<\/p>\n<p>Fabriqu\u00e9 main \u00e0 Hossegor.<\/p>\n<p><img loading=\"lazy\" decoding=\"async\" class=\"alignnone size-full wp-image-13008\" src=\"https:\/\/eglantinereigniez.com\/wp-content\/uploads\/2024\/05\/bracelet-damitie-INITIALS.jpg\" alt=\"bracelet d'amiti\u00e9 avec initial \u00e0 accumuler by dream hair jaguar shoes\" width=\"1000\" height=\"1333\" \/><\/p>\n<p><img loading=\"lazy\" decoding=\"async\" class=\"alignnone size-full wp-image-13007\" src=\"https:\/\/eglantinereigniez.com\/wp-content\/uploads\/2024\/05\/bracelet-damitie-INITIALS-2.jpg\" alt=\"bracelet d'amiti\u00e9 avec initial \u00e0 accumuler\" width=\"828\" height=\"1472\" \/><\/p>\n","protected":false},"excerpt":{"rendered":"<p>Bracelet d&rsquo;amiti\u00e9 \u00e0 collectionner en fil polyester cir\u00e9 et lettre metal &amp; strass. Chaque bracelet est unique et tiss\u00e9 main. Fabriqu\u00e9 main \u00e0 Hossegor.<\/p>\n","protected":false},"featured_media":13008,"template":"","meta":[],"product_brand":[],"product_cat":[25,37],"product_tag":[],"class_list":{"0":"post-12970","1":"product","2":"type-product","3":"status-publish","4":"has-post-thumbnail","6":"product_cat-accessoires","7":"product_cat-bracelet","9":"first","10":"instock","11":"shipping-taxable","12":"purchasable","13":"product-type-variable"},"_links":{"self":[{"href":"https:\/\/eglantinereigniez.com\/index.php\/wp-json\/wp\/v2\/product\/12970","targetHints":{"allow":["GET"]}}],"collection":[{"href":"https:\/\/eglantinereigniez.com\/index.php\/wp-json\/wp\/v2\/product"}],"about":[{"href":"https:\/\/eglantinereigniez.com\/index.php\/wp-json\/wp\/v2\/types\/product"}],"wp:featuredmedia":[{"embeddable":true,"href":"https:\/\/eglantinereigniez.com\/index.php\/wp-json\/wp\/v2\/media\/13008"}],"wp:attachment":[{"href":"https:\/\/eglantinereigniez.com\/index.php\/wp-json\/wp\/v2\/media?parent=12970"}],"wp:term":[{"taxonomy":"product_brand","embeddable":true,"href":"https:\/\/eglantinereigniez.com\/index.php\/wp-json\/wp\/v2\/product_brand?post=12970"},{"taxonomy":"product_cat","embeddable":true,"href":"https:\/\/eglantinereigniez.com\/index.php\/wp-json\/wp\/v2\/product_cat?post=12970"},{"taxonomy":"product_tag","embeddable":true,"href":"https:\/\/eglantinereigniez.com\/index.php\/wp-json\/wp\/v2\/product_tag?post=12970"}],"curies":[{"name":"wp","href":"https:\/\/api.w.org\/{rel}","templated":true}]}}