{"id":13024,"date":"2024-05-19T12:52:46","date_gmt":"2024-05-19T10:52:46","guid":{"rendered":"https:\/\/eglantinereigniez.com\/?post_type=product&#038;p=13024"},"modified":"2024-05-19T12:52:46","modified_gmt":"2024-05-19T10:52:46","slug":"bracelet-daronne","status":"publish","type":"product","link":"https:\/\/eglantinereigniez.com\/index.php\/produit\/bracelet-daronne\/","title":{"rendered":"Bracelet DARONNE"},"content":{"rendered":"<p>Bracelet en fil polyester cir\u00e9 et lettrage en acier inoxydable dor\u00e9.<\/p>\n<p>Taille r\u00e9glable.<\/p>\n<p>Fabriqu\u00e9 main \u00e0 Hossegor.<\/p>\n<p><img loading=\"lazy\" decoding=\"async\" class=\"alignnone size-full wp-image-13039\" src=\"https:\/\/eglantinereigniez.com\/wp-content\/uploads\/2024\/05\/IMG_6998.jpg\" alt=\"cadeau fete des m\u00e8res bracelet daronne\" width=\"1024\" height=\"1586\" \/> <img loading=\"lazy\" decoding=\"async\" class=\"alignnone size-full wp-image-13037\" src=\"https:\/\/eglantinereigniez.com\/wp-content\/uploads\/2024\/05\/IMG_6997.jpg\" alt=\"cadeau fete des m\u00e8res bracelet daronne\" width=\"1024\" height=\"1536\" \/> <img loading=\"lazy\" decoding=\"async\" class=\"alignnone size-full wp-image-13040\" src=\"https:\/\/eglantinereigniez.com\/wp-content\/uploads\/2024\/05\/Photoroom_20240519_124404.jpg\" alt=\"\" width=\"1000\" height=\"1405\" \/><\/p>\n","protected":false},"excerpt":{"rendered":"<p>Bracelet en fil polyester cir\u00e9 et lettrage en acier inoxydable dor\u00e9. Taille r\u00e9glable. Fabriqu\u00e9 main \u00e0 Hossegor.<\/p>\n","protected":false},"featured_media":13038,"template":"","meta":[],"product_brand":[],"product_cat":[25,37],"product_tag":[],"class_list":{"0":"post-13024","1":"product","2":"type-product","3":"status-publish","4":"has-post-thumbnail","6":"product_cat-accessoires","7":"product_cat-bracelet","9":"first","10":"instock","11":"shipping-taxable","12":"purchasable","13":"product-type-variable"},"_links":{"self":[{"href":"https:\/\/eglantinereigniez.com\/index.php\/wp-json\/wp\/v2\/product\/13024","targetHints":{"allow":["GET"]}}],"collection":[{"href":"https:\/\/eglantinereigniez.com\/index.php\/wp-json\/wp\/v2\/product"}],"about":[{"href":"https:\/\/eglantinereigniez.com\/index.php\/wp-json\/wp\/v2\/types\/product"}],"wp:featuredmedia":[{"embeddable":true,"href":"https:\/\/eglantinereigniez.com\/index.php\/wp-json\/wp\/v2\/media\/13038"}],"wp:attachment":[{"href":"https:\/\/eglantinereigniez.com\/index.php\/wp-json\/wp\/v2\/media?parent=13024"}],"wp:term":[{"taxonomy":"product_brand","embeddable":true,"href":"https:\/\/eglantinereigniez.com\/index.php\/wp-json\/wp\/v2\/product_brand?post=13024"},{"taxonomy":"product_cat","embeddable":true,"href":"https:\/\/eglantinereigniez.com\/index.php\/wp-json\/wp\/v2\/product_cat?post=13024"},{"taxonomy":"product_tag","embeddable":true,"href":"https:\/\/eglantinereigniez.com\/index.php\/wp-json\/wp\/v2\/product_tag?post=13024"}],"curies":[{"name":"wp","href":"https:\/\/api.w.org\/{rel}","templated":true}]}}