{"id":13089,"date":"2024-06-10T21:35:24","date_gmt":"2024-06-10T19:35:24","guid":{"rendered":"https:\/\/eglantinereigniez.com\/?post_type=product&#038;p=13089"},"modified":"2024-06-10T21:35:24","modified_gmt":"2024-06-10T19:35:24","slug":"sac-chamallow-leopard-violet","status":"publish","type":"product","link":"https:\/\/eglantinereigniez.com\/index.php\/produit\/sac-chamallow-leopard-violet\/","title":{"rendered":"Sac CHAMALLOW Leopard violet"},"content":{"rendered":"<p>Inspir\u00e9 des sacs japonais traditionnels, chaque mini fourre-tout est unique, car enti\u00e8rement cousu main \u00e0 Hossegor, en tissu satin.<\/p>\n<p>100% polyester<\/p>\n<p><img loading=\"lazy\" decoding=\"async\" class=\"alignnone size-full wp-image-13105\" src=\"https:\/\/eglantinereigniez.com\/wp-content\/uploads\/2024\/06\/chamallow-leopard-violet-.jpg\" alt=\"sac en tissu leopard violet fabriqu\u00e9 main par dream hair jaguar shoes\" width=\"1000\" height=\"1333\" \/><\/p>\n","protected":false},"excerpt":{"rendered":"<p>Inspir\u00e9 des sacs japonais traditionnels, chaque mini fourre-tout est unique, car enti\u00e8rement cousu main \u00e0 Hossegor, en tissu satin. 100% polyester<\/p>\n","protected":false},"featured_media":13105,"template":"","meta":[],"product_brand":[],"product_cat":[25,90,75],"product_tag":[],"class_list":{"0":"post-13089","1":"product","2":"type-product","3":"status-publish","4":"has-post-thumbnail","6":"product_cat-accessoires","7":"product_cat-accessoires-occasion-speciale","8":"product_cat-sacs","9":"product_shipping_class-sacs","11":"first","12":"instock","13":"shipping-taxable","14":"purchasable","15":"product-type-simple"},"_links":{"self":[{"href":"https:\/\/eglantinereigniez.com\/index.php\/wp-json\/wp\/v2\/product\/13089","targetHints":{"allow":["GET"]}}],"collection":[{"href":"https:\/\/eglantinereigniez.com\/index.php\/wp-json\/wp\/v2\/product"}],"about":[{"href":"https:\/\/eglantinereigniez.com\/index.php\/wp-json\/wp\/v2\/types\/product"}],"wp:featuredmedia":[{"embeddable":true,"href":"https:\/\/eglantinereigniez.com\/index.php\/wp-json\/wp\/v2\/media\/13105"}],"wp:attachment":[{"href":"https:\/\/eglantinereigniez.com\/index.php\/wp-json\/wp\/v2\/media?parent=13089"}],"wp:term":[{"taxonomy":"product_brand","embeddable":true,"href":"https:\/\/eglantinereigniez.com\/index.php\/wp-json\/wp\/v2\/product_brand?post=13089"},{"taxonomy":"product_cat","embeddable":true,"href":"https:\/\/eglantinereigniez.com\/index.php\/wp-json\/wp\/v2\/product_cat?post=13089"},{"taxonomy":"product_tag","embeddable":true,"href":"https:\/\/eglantinereigniez.com\/index.php\/wp-json\/wp\/v2\/product_tag?post=13089"}],"curies":[{"name":"wp","href":"https:\/\/api.w.org\/{rel}","templated":true}]}}