{"id":13332,"date":"2024-06-25T11:58:45","date_gmt":"2024-06-25T09:58:45","guid":{"rendered":"https:\/\/eglantinereigniez.com\/?post_type=product&#038;p=13332"},"modified":"2024-06-25T11:58:45","modified_gmt":"2024-06-25T09:58:45","slug":"creole-tresor-de-plage","status":"publish","type":"product","link":"https:\/\/eglantinereigniez.com\/index.php\/produit\/creole-tresor-de-plage\/","title":{"rendered":"Cr\u00e9ole TRESOR de PLAGE"},"content":{"rendered":"<p>Cr\u00e9ole unique en acier inoxydable et coquillage glan\u00e9 sur les plages d&rsquo;Hossegor avec d\u00e9tail de perles de r\u00e9sine.<\/p>\n<p>Dimension 4cm (largeur cr\u00e9ole) x 7 cm (longueur totale avec coquillage)<\/p>\n<p>Chaque coquillage est unique car ramass\u00e9 \u00e0 la main sur les plages des Landes&#8230;<\/p>\n<p>&nbsp;<\/p>\n","protected":false},"excerpt":{"rendered":"<p>Cr\u00e9ole unique en acier inoxydable et coquillage glan\u00e9 sur les plages d&rsquo;Hossegor avec d\u00e9tail de perles de r\u00e9sine. Dimension 4cm (largeur cr\u00e9ole) x 7 cm (longueur totale avec coquillage) Chaque coquillage est unique car ramass\u00e9 \u00e0 la main sur les plages des Landes&#8230; &nbsp;<\/p>\n","protected":false},"featured_media":13381,"template":"","meta":[],"product_brand":[],"product_cat":[25,34],"product_tag":[],"class_list":{"0":"post-13332","1":"product","2":"type-product","3":"status-publish","4":"has-post-thumbnail","6":"product_cat-accessoires","7":"product_cat-boucle-doreilles","8":"product_shipping_class-pince-crabe","10":"first","11":"instock","12":"shipping-taxable","13":"purchasable","14":"product-type-simple"},"_links":{"self":[{"href":"https:\/\/eglantinereigniez.com\/index.php\/wp-json\/wp\/v2\/product\/13332","targetHints":{"allow":["GET"]}}],"collection":[{"href":"https:\/\/eglantinereigniez.com\/index.php\/wp-json\/wp\/v2\/product"}],"about":[{"href":"https:\/\/eglantinereigniez.com\/index.php\/wp-json\/wp\/v2\/types\/product"}],"wp:featuredmedia":[{"embeddable":true,"href":"https:\/\/eglantinereigniez.com\/index.php\/wp-json\/wp\/v2\/media\/13381"}],"wp:attachment":[{"href":"https:\/\/eglantinereigniez.com\/index.php\/wp-json\/wp\/v2\/media?parent=13332"}],"wp:term":[{"taxonomy":"product_brand","embeddable":true,"href":"https:\/\/eglantinereigniez.com\/index.php\/wp-json\/wp\/v2\/product_brand?post=13332"},{"taxonomy":"product_cat","embeddable":true,"href":"https:\/\/eglantinereigniez.com\/index.php\/wp-json\/wp\/v2\/product_cat?post=13332"},{"taxonomy":"product_tag","embeddable":true,"href":"https:\/\/eglantinereigniez.com\/index.php\/wp-json\/wp\/v2\/product_tag?post=13332"}],"curies":[{"name":"wp","href":"https:\/\/api.w.org\/{rel}","templated":true}]}}