{"id":13656,"date":"2024-07-04T15:44:09","date_gmt":"2024-07-04T13:44:09","guid":{"rendered":"https:\/\/eglantinereigniez.com\/?post_type=product&#038;p=13656"},"modified":"2024-07-04T15:50:15","modified_gmt":"2024-07-04T13:50:15","slug":"hair-pic-shell","status":"publish","type":"product","link":"https:\/\/eglantinereigniez.com\/index.php\/produit\/hair-pic-shell\/","title":{"rendered":"HAIR PIC SHELL"},"content":{"rendered":"<p>Hair pic en m\u00e9tal et coquillage sourc\u00e9 sur les plages d&rsquo;hossegor, pimp\u00e9 de strass.<\/p>\n<p>Confectionn\u00e9 main \u00e0 Hossegor. Chaque pi\u00e8ce reste unique car chaque coquillage ramass\u00e9 est diff\u00e9rent et donc unique.<\/p>\n<p>Ne pas utiliser sur cheveux mouill\u00e9s.<\/p>\n<p><img loading=\"lazy\" decoding=\"async\" class=\"alignnone size-full wp-image-13727\" src=\"https:\/\/eglantinereigniez.com\/wp-content\/uploads\/2024\/07\/hair-pic-photo-.jpg\" alt=\"\" width=\"1000\" height=\"1333\" \/><\/p>\n<p><img loading=\"lazy\" decoding=\"async\" class=\"alignnone size-full wp-image-13703\" src=\"https:\/\/eglantinereigniez.com\/wp-content\/uploads\/2024\/07\/hair-pic-shell-bling.jpg\" alt=\"\" width=\"1000\" height=\"1333\" \/><\/p>\n<p>&nbsp;<\/p>\n","protected":false},"excerpt":{"rendered":"<p>Hair pic en m\u00e9tal et coquillage sourc\u00e9 sur les plages d&rsquo;hossegor, pimp\u00e9 de strass. Confectionn\u00e9 main \u00e0 Hossegor. Chaque pi\u00e8ce reste unique car chaque coquillage ramass\u00e9 est diff\u00e9rent et donc unique. Ne pas utiliser sur cheveux mouill\u00e9s. &nbsp;<\/p>\n","protected":false},"featured_media":13703,"template":"","meta":[],"product_brand":[],"product_cat":[22,28,31,35],"product_tag":[],"class_list":{"0":"post-13656","1":"product","2":"type-product","3":"status-publish","4":"has-post-thumbnail","6":"product_cat-accessoires-cheveux","7":"product_cat-accessoire-cheveux-mariage","8":"product_cat-barrettes","9":"product_cat-pince-crabe","11":"first","12":"instock","13":"shipping-taxable","14":"purchasable","15":"product-type-simple"},"_links":{"self":[{"href":"https:\/\/eglantinereigniez.com\/index.php\/wp-json\/wp\/v2\/product\/13656","targetHints":{"allow":["GET"]}}],"collection":[{"href":"https:\/\/eglantinereigniez.com\/index.php\/wp-json\/wp\/v2\/product"}],"about":[{"href":"https:\/\/eglantinereigniez.com\/index.php\/wp-json\/wp\/v2\/types\/product"}],"wp:featuredmedia":[{"embeddable":true,"href":"https:\/\/eglantinereigniez.com\/index.php\/wp-json\/wp\/v2\/media\/13703"}],"wp:attachment":[{"href":"https:\/\/eglantinereigniez.com\/index.php\/wp-json\/wp\/v2\/media?parent=13656"}],"wp:term":[{"taxonomy":"product_brand","embeddable":true,"href":"https:\/\/eglantinereigniez.com\/index.php\/wp-json\/wp\/v2\/product_brand?post=13656"},{"taxonomy":"product_cat","embeddable":true,"href":"https:\/\/eglantinereigniez.com\/index.php\/wp-json\/wp\/v2\/product_cat?post=13656"},{"taxonomy":"product_tag","embeddable":true,"href":"https:\/\/eglantinereigniez.com\/index.php\/wp-json\/wp\/v2\/product_tag?post=13656"}],"curies":[{"name":"wp","href":"https:\/\/api.w.org\/{rel}","templated":true}]}}