{"id":13747,"date":"2024-07-25T15:30:22","date_gmt":"2024-07-25T13:30:22","guid":{"rendered":"https:\/\/eglantinereigniez.com\/?post_type=product&#038;p=13747"},"modified":"2024-07-30T16:47:24","modified_gmt":"2024-07-30T14:47:24","slug":"pendentif-playa-bling","status":"publish","type":"product","link":"https:\/\/eglantinereigniez.com\/index.php\/produit\/pendentif-playa-bling\/","title":{"rendered":"Pendentif PLAYA BLING"},"content":{"rendered":"<p>Un pendentif Coquillage sourc\u00e9 sur les plages d&rsquo;hossegor, pimp\u00e9 de strass.<\/p>\n<p>Confectionn\u00e9 main \u00e0 Hossegor. Chaque pi\u00e8ce reste unique car chaque coquillage ramass\u00e9 est diff\u00e9rent et donc unique.<\/p>\n<p>Ne pas immerger dans l&rsquo;eau.<\/p>\n<p><img loading=\"lazy\" decoding=\"async\" class=\"alignnone size-full wp-image-13765\" src=\"https:\/\/eglantinereigniez.com\/wp-content\/uploads\/2024\/07\/pendentif-coquillage-.jpg\" alt=\"collier avec coquillage strass de la plage d'Hossegor\" width=\"1000\" height=\"1399\" \/><\/p>\n<p>&nbsp;<\/p>\n","protected":false},"excerpt":{"rendered":"<p>Un pendentif Coquillage sourc\u00e9 sur les plages d&rsquo;hossegor, pimp\u00e9 de strass. Confectionn\u00e9 main \u00e0 Hossegor. Chaque pi\u00e8ce reste unique car chaque coquillage ramass\u00e9 est diff\u00e9rent et donc unique. Ne pas immerger dans l&rsquo;eau. &nbsp;<\/p>\n","protected":false},"featured_media":13768,"template":"","meta":[],"product_brand":[],"product_cat":[25,28,36],"product_tag":[],"class_list":{"0":"post-13747","1":"product","2":"type-product","3":"status-publish","4":"has-post-thumbnail","6":"product_cat-accessoires","7":"product_cat-accessoire-cheveux-mariage","8":"product_cat-colliers","10":"first","11":"instock","12":"shipping-taxable","13":"purchasable","14":"product-type-simple"},"_links":{"self":[{"href":"https:\/\/eglantinereigniez.com\/index.php\/wp-json\/wp\/v2\/product\/13747","targetHints":{"allow":["GET"]}}],"collection":[{"href":"https:\/\/eglantinereigniez.com\/index.php\/wp-json\/wp\/v2\/product"}],"about":[{"href":"https:\/\/eglantinereigniez.com\/index.php\/wp-json\/wp\/v2\/types\/product"}],"wp:featuredmedia":[{"embeddable":true,"href":"https:\/\/eglantinereigniez.com\/index.php\/wp-json\/wp\/v2\/media\/13768"}],"wp:attachment":[{"href":"https:\/\/eglantinereigniez.com\/index.php\/wp-json\/wp\/v2\/media?parent=13747"}],"wp:term":[{"taxonomy":"product_brand","embeddable":true,"href":"https:\/\/eglantinereigniez.com\/index.php\/wp-json\/wp\/v2\/product_brand?post=13747"},{"taxonomy":"product_cat","embeddable":true,"href":"https:\/\/eglantinereigniez.com\/index.php\/wp-json\/wp\/v2\/product_cat?post=13747"},{"taxonomy":"product_tag","embeddable":true,"href":"https:\/\/eglantinereigniez.com\/index.php\/wp-json\/wp\/v2\/product_tag?post=13747"}],"curies":[{"name":"wp","href":"https:\/\/api.w.org\/{rel}","templated":true}]}}