{"id":13795,"date":"2024-08-02T11:32:12","date_gmt":"2024-08-02T09:32:12","guid":{"rendered":"https:\/\/eglantinereigniez.com\/?post_type=product&#038;p=13795"},"modified":"2024-08-02T11:44:26","modified_gmt":"2024-08-02T09:44:26","slug":"bracelet-de-cheville-circus-white-blue","status":"publish","type":"product","link":"https:\/\/eglantinereigniez.com\/index.php\/produit\/bracelet-de-cheville-circus-white-blue\/","title":{"rendered":"Bracelet de cheville CIRCUS white\/blue"},"content":{"rendered":"<p>Bracelet de cheville en perles de verre et de r\u00e9sine.<\/p>\n<p>mini piercing en acier inoxydable<\/p>\n<p>Y&rsquo;a pas que ton cou ou tes oreilles qui m\u00e9ritent des perles.<\/p>\n<p>Fabriqu\u00e9 main \u00e0 Hossegor.<\/p>\n<p>&nbsp;<\/p>\n","protected":false},"excerpt":{"rendered":"<p>Bracelet de cheville en perles de verre et de r\u00e9sine. mini piercing en acier inoxydable Y&rsquo;a pas que ton cou ou tes oreilles qui m\u00e9ritent des perles. Fabriqu\u00e9 main \u00e0 Hossegor. &nbsp;<\/p>\n","protected":false},"featured_media":13797,"template":"","meta":[],"product_brand":[],"product_cat":[25,37],"product_tag":[],"class_list":{"0":"post-13795","1":"product","2":"type-product","3":"status-publish","4":"has-post-thumbnail","6":"product_cat-accessoires","7":"product_cat-bracelet","9":"first","10":"instock","11":"shipping-taxable","12":"purchasable","13":"product-type-simple"},"_links":{"self":[{"href":"https:\/\/eglantinereigniez.com\/index.php\/wp-json\/wp\/v2\/product\/13795","targetHints":{"allow":["GET"]}}],"collection":[{"href":"https:\/\/eglantinereigniez.com\/index.php\/wp-json\/wp\/v2\/product"}],"about":[{"href":"https:\/\/eglantinereigniez.com\/index.php\/wp-json\/wp\/v2\/types\/product"}],"wp:featuredmedia":[{"embeddable":true,"href":"https:\/\/eglantinereigniez.com\/index.php\/wp-json\/wp\/v2\/media\/13797"}],"wp:attachment":[{"href":"https:\/\/eglantinereigniez.com\/index.php\/wp-json\/wp\/v2\/media?parent=13795"}],"wp:term":[{"taxonomy":"product_brand","embeddable":true,"href":"https:\/\/eglantinereigniez.com\/index.php\/wp-json\/wp\/v2\/product_brand?post=13795"},{"taxonomy":"product_cat","embeddable":true,"href":"https:\/\/eglantinereigniez.com\/index.php\/wp-json\/wp\/v2\/product_cat?post=13795"},{"taxonomy":"product_tag","embeddable":true,"href":"https:\/\/eglantinereigniez.com\/index.php\/wp-json\/wp\/v2\/product_tag?post=13795"}],"curies":[{"name":"wp","href":"https:\/\/api.w.org\/{rel}","templated":true}]}}