{"id":13801,"date":"2024-08-02T15:12:38","date_gmt":"2024-08-02T13:12:38","guid":{"rendered":"https:\/\/eglantinereigniez.com\/?post_type=product&#038;p=13801"},"modified":"2024-08-02T15:12:38","modified_gmt":"2024-08-02T13:12:38","slug":"creole-circus","status":"publish","type":"product","link":"https:\/\/eglantinereigniez.com\/index.php\/produit\/creole-circus\/","title":{"rendered":"cr\u00e9ole CIRCUS"},"content":{"rendered":"<p>Cr\u00e9ole unique en acier inoxydable plaqu\u00e9 or et perles d&rsquo;h\u00e9matite et de verre upcycl\u00e9es, ce qui signifie que chaque cr\u00e9ole est unique en son genre.<\/p>\n<p>Imagin\u00e9 et fabriqu\u00e9 main \u00e0 Hossegor.<\/p>\n","protected":false},"excerpt":{"rendered":"<p>Cr\u00e9ole unique en acier inoxydable plaqu\u00e9 or et perles d&rsquo;h\u00e9matite et de verre upcycl\u00e9es, ce qui signifie que chaque cr\u00e9ole est unique en son genre. Imagin\u00e9 et fabriqu\u00e9 main \u00e0 Hossegor.<\/p>\n","protected":false},"featured_media":13817,"template":"","meta":[],"product_brand":[],"product_cat":[25,34],"product_tag":[],"class_list":{"0":"post-13801","1":"product","2":"type-product","3":"status-publish","4":"has-post-thumbnail","6":"product_cat-accessoires","7":"product_cat-boucle-doreilles","9":"first","10":"instock","11":"shipping-taxable","12":"purchasable","13":"product-type-simple"},"_links":{"self":[{"href":"https:\/\/eglantinereigniez.com\/index.php\/wp-json\/wp\/v2\/product\/13801","targetHints":{"allow":["GET"]}}],"collection":[{"href":"https:\/\/eglantinereigniez.com\/index.php\/wp-json\/wp\/v2\/product"}],"about":[{"href":"https:\/\/eglantinereigniez.com\/index.php\/wp-json\/wp\/v2\/types\/product"}],"wp:featuredmedia":[{"embeddable":true,"href":"https:\/\/eglantinereigniez.com\/index.php\/wp-json\/wp\/v2\/media\/13817"}],"wp:attachment":[{"href":"https:\/\/eglantinereigniez.com\/index.php\/wp-json\/wp\/v2\/media?parent=13801"}],"wp:term":[{"taxonomy":"product_brand","embeddable":true,"href":"https:\/\/eglantinereigniez.com\/index.php\/wp-json\/wp\/v2\/product_brand?post=13801"},{"taxonomy":"product_cat","embeddable":true,"href":"https:\/\/eglantinereigniez.com\/index.php\/wp-json\/wp\/v2\/product_cat?post=13801"},{"taxonomy":"product_tag","embeddable":true,"href":"https:\/\/eglantinereigniez.com\/index.php\/wp-json\/wp\/v2\/product_tag?post=13801"}],"curies":[{"name":"wp","href":"https:\/\/api.w.org\/{rel}","templated":true}]}}