{"id":13917,"date":"2024-08-04T21:14:53","date_gmt":"2024-08-04T19:14:53","guid":{"rendered":"https:\/\/eglantinereigniez.com\/?post_type=product&#038;p=13917"},"modified":"2024-08-04T21:14:53","modified_gmt":"2024-08-04T19:14:53","slug":"sac-chamallow-go-girl-fuschia","status":"publish","type":"product","link":"https:\/\/eglantinereigniez.com\/index.php\/produit\/sac-chamallow-go-girl-fuschia\/","title":{"rendered":"Sac CHAMALLOW go girl fuschia"},"content":{"rendered":"<p>La famille CHAMALLOW s&rsquo;agrandit !<\/p>\n<p>Inspir\u00e9 des sacs japonais traditionnels, ce mini fourre-tout est unique, car enti\u00e8rement cousu main \u00e0 Hossegor, en tissu satin duchesse.<\/p>\n<p>Le plus du mod\u00e8le GO GIRL, c&rsquo;est la anse ! plus longue et \u00e9lastique, vous pouvez d\u00e9sormais porter le sac chamallow \u00e0 l&rsquo;\u00e9paule !<\/p>\n<p>100% polyester<\/p>\n","protected":false},"excerpt":{"rendered":"<p>La famille CHAMALLOW s&rsquo;agrandit ! Inspir\u00e9 des sacs japonais traditionnels, ce mini fourre-tout est unique, car enti\u00e8rement cousu main \u00e0 Hossegor, en tissu satin duchesse. Le plus du mod\u00e8le GO GIRL, c&rsquo;est la anse ! plus longue et \u00e9lastique, vous pouvez d\u00e9sormais porter le sac chamallow \u00e0 l&rsquo;\u00e9paule ! 100% polyester<\/p>\n","protected":false},"featured_media":13921,"template":"","meta":[],"product_brand":[],"product_cat":[25,90,75],"product_tag":[],"class_list":{"0":"post-13917","1":"product","2":"type-product","3":"status-publish","4":"has-post-thumbnail","6":"product_cat-accessoires","7":"product_cat-accessoires-occasion-speciale","8":"product_cat-sacs","9":"product_shipping_class-sacs","11":"first","12":"instock","13":"shipping-taxable","14":"purchasable","15":"product-type-simple"},"_links":{"self":[{"href":"https:\/\/eglantinereigniez.com\/index.php\/wp-json\/wp\/v2\/product\/13917","targetHints":{"allow":["GET"]}}],"collection":[{"href":"https:\/\/eglantinereigniez.com\/index.php\/wp-json\/wp\/v2\/product"}],"about":[{"href":"https:\/\/eglantinereigniez.com\/index.php\/wp-json\/wp\/v2\/types\/product"}],"wp:featuredmedia":[{"embeddable":true,"href":"https:\/\/eglantinereigniez.com\/index.php\/wp-json\/wp\/v2\/media\/13921"}],"wp:attachment":[{"href":"https:\/\/eglantinereigniez.com\/index.php\/wp-json\/wp\/v2\/media?parent=13917"}],"wp:term":[{"taxonomy":"product_brand","embeddable":true,"href":"https:\/\/eglantinereigniez.com\/index.php\/wp-json\/wp\/v2\/product_brand?post=13917"},{"taxonomy":"product_cat","embeddable":true,"href":"https:\/\/eglantinereigniez.com\/index.php\/wp-json\/wp\/v2\/product_cat?post=13917"},{"taxonomy":"product_tag","embeddable":true,"href":"https:\/\/eglantinereigniez.com\/index.php\/wp-json\/wp\/v2\/product_tag?post=13917"}],"curies":[{"name":"wp","href":"https:\/\/api.w.org\/{rel}","templated":true}]}}