{"id":14032,"date":"2024-11-20T17:52:59","date_gmt":"2024-11-20T16:52:59","guid":{"rendered":"https:\/\/eglantinereigniez.com\/?post_type=product&#038;p=14032"},"modified":"2024-11-26T22:47:56","modified_gmt":"2024-11-26T21:47:56","slug":"porte-cle-bag-beads-vert","status":"publish","type":"product","link":"https:\/\/eglantinereigniez.com\/index.php\/produit\/porte-cle-bag-beads-vert\/","title":{"rendered":"Porte cl\u00e9 BAG BEADS vert"},"content":{"rendered":"<p>Un porte cl\u00e9 bijoux fabriqu\u00e9 \u00e0 Hossegor, France. En perles upcycl\u00e9es.<\/p>\n<p>Il s&rsquo;accroche partout grace \u00e0 son mousqueton large : t\u00e9l\u00e9phone, poignet de sac, trousseau de cl\u00e9.<\/p>\n<p>Du fun dans ta vie quotidienne !<\/p>\n<p><img loading=\"lazy\" decoding=\"async\" class=\"alignnone wp-image-14062 size-full\" src=\"https:\/\/eglantinereigniez.com\/wp-content\/uploads\/2024\/11\/porte-cle-vert-2-e1732123324711.jpg\" alt=\"Porte cl\u00e9 bijoux de sac ou de t\u00e9l\u00e9phone fabriqu\u00e9 en France par Dream hair jaguar shoes\" width=\"999\" height=\"1115\" \/><\/p>\n<p>&nbsp;<\/p>\n","protected":false},"excerpt":{"rendered":"<p>Un porte cl\u00e9 bijoux fabriqu\u00e9 \u00e0 Hossegor, France. En perles upcycl\u00e9es. Il s&rsquo;accroche partout grace \u00e0 son mousqueton large : t\u00e9l\u00e9phone, poignet de sac, trousseau de cl\u00e9. Du fun dans ta vie quotidienne ! &nbsp;<\/p>\n","protected":false},"featured_media":14062,"template":"","meta":[],"product_brand":[],"product_cat":[25,75],"product_tag":[],"class_list":{"0":"post-14032","1":"product","2":"type-product","3":"status-publish","4":"has-post-thumbnail","6":"product_cat-accessoires","7":"product_cat-sacs","8":"product_shipping_class-pince-crabe","10":"first","11":"instock","12":"shipping-taxable","13":"purchasable","14":"product-type-simple"},"_links":{"self":[{"href":"https:\/\/eglantinereigniez.com\/index.php\/wp-json\/wp\/v2\/product\/14032","targetHints":{"allow":["GET"]}}],"collection":[{"href":"https:\/\/eglantinereigniez.com\/index.php\/wp-json\/wp\/v2\/product"}],"about":[{"href":"https:\/\/eglantinereigniez.com\/index.php\/wp-json\/wp\/v2\/types\/product"}],"wp:featuredmedia":[{"embeddable":true,"href":"https:\/\/eglantinereigniez.com\/index.php\/wp-json\/wp\/v2\/media\/14062"}],"wp:attachment":[{"href":"https:\/\/eglantinereigniez.com\/index.php\/wp-json\/wp\/v2\/media?parent=14032"}],"wp:term":[{"taxonomy":"product_brand","embeddable":true,"href":"https:\/\/eglantinereigniez.com\/index.php\/wp-json\/wp\/v2\/product_brand?post=14032"},{"taxonomy":"product_cat","embeddable":true,"href":"https:\/\/eglantinereigniez.com\/index.php\/wp-json\/wp\/v2\/product_cat?post=14032"},{"taxonomy":"product_tag","embeddable":true,"href":"https:\/\/eglantinereigniez.com\/index.php\/wp-json\/wp\/v2\/product_tag?post=14032"}],"curies":[{"name":"wp","href":"https:\/\/api.w.org\/{rel}","templated":true}]}}