{"id":14177,"date":"2024-11-20T18:14:27","date_gmt":"2024-11-20T17:14:27","guid":{"rendered":"https:\/\/eglantinereigniez.com\/?post_type=product&#038;p=14177"},"modified":"2024-11-20T18:18:27","modified_gmt":"2024-11-20T17:18:27","slug":"collier-magic-mushroom-rose-bordeaux","status":"publish","type":"product","link":"https:\/\/eglantinereigniez.com\/index.php\/produit\/collier-magic-mushroom-rose-bordeaux\/","title":{"rendered":"Collier MAGIC MUSHROOM rose &#038; bordeaux"},"content":{"rendered":"<p>Un collier ras de cou fait avec amour en perles upcycl\u00e9es \u00e0 Hossegor, France.<\/p>\n<p>Pendentif champignon en verre.<\/p>\n<p>Ne pas immerger dans l&rsquo;eau.<\/p>\n<p><img loading=\"lazy\" decoding=\"async\" class=\"alignnone wp-image-14181 size-full\" src=\"https:\/\/eglantinereigniez.com\/wp-content\/uploads\/2024\/11\/collier-magic-mushroom-rose-bordeaux.jpg\" alt=\"collier en perles upcycl\u00e9es fabriqu\u00e9 \u00e0 Hossegor, France\" width=\"1000\" height=\"1333\" \/><\/p>\n<p>&nbsp;<\/p>\n","protected":false},"excerpt":{"rendered":"<p>Un collier ras de cou fait avec amour en perles upcycl\u00e9es \u00e0 Hossegor, France. Pendentif champignon en verre. Ne pas immerger dans l&rsquo;eau. &nbsp;<\/p>\n","protected":false},"featured_media":14181,"template":"","meta":[],"product_brand":[],"product_cat":[25,36],"product_tag":[],"class_list":{"0":"post-14177","1":"product","2":"type-product","3":"status-publish","4":"has-post-thumbnail","6":"product_cat-accessoires","7":"product_cat-colliers","8":"product_shipping_class-pince-crabe","10":"first","11":"instock","12":"shipping-taxable","13":"purchasable","14":"product-type-simple"},"_links":{"self":[{"href":"https:\/\/eglantinereigniez.com\/index.php\/wp-json\/wp\/v2\/product\/14177","targetHints":{"allow":["GET"]}}],"collection":[{"href":"https:\/\/eglantinereigniez.com\/index.php\/wp-json\/wp\/v2\/product"}],"about":[{"href":"https:\/\/eglantinereigniez.com\/index.php\/wp-json\/wp\/v2\/types\/product"}],"wp:featuredmedia":[{"embeddable":true,"href":"https:\/\/eglantinereigniez.com\/index.php\/wp-json\/wp\/v2\/media\/14181"}],"wp:attachment":[{"href":"https:\/\/eglantinereigniez.com\/index.php\/wp-json\/wp\/v2\/media?parent=14177"}],"wp:term":[{"taxonomy":"product_brand","embeddable":true,"href":"https:\/\/eglantinereigniez.com\/index.php\/wp-json\/wp\/v2\/product_brand?post=14177"},{"taxonomy":"product_cat","embeddable":true,"href":"https:\/\/eglantinereigniez.com\/index.php\/wp-json\/wp\/v2\/product_cat?post=14177"},{"taxonomy":"product_tag","embeddable":true,"href":"https:\/\/eglantinereigniez.com\/index.php\/wp-json\/wp\/v2\/product_tag?post=14177"}],"curies":[{"name":"wp","href":"https:\/\/api.w.org\/{rel}","templated":true}]}}