{"id":14186,"date":"2024-12-02T12:33:19","date_gmt":"2024-12-02T11:33:19","guid":{"rendered":"https:\/\/eglantinereigniez.com\/?post_type=product&#038;p=14186"},"modified":"2024-12-02T12:33:20","modified_gmt":"2024-12-02T11:33:20","slug":"micro-sac-chamallow-silver","status":"publish","type":"product","link":"https:\/\/eglantinereigniez.com\/index.php\/produit\/micro-sac-chamallow-silver\/","title":{"rendered":"Micro sac CHAMALLOW silver"},"content":{"rendered":"<p>Le sac CHAMALLOW en version minuscule !<\/p>\n<p>A porter au poignet ou du bout des doigts pour un look assur\u00e9ment mignonnerie.<\/p>\n<p>Inspir\u00e9 des sacs japonais traditionnels, chaque mini fourre-tout est unique, car enti\u00e8rement cousu main \u00e0 Hossegor, en tissu aspect m\u00e9tallique Argent.<\/p>\n<p>dimension : 15 x 15 cm<\/p>\n<p>95% <span class=\"dictionary\" data-description=\"Le polyester est une fibre synth\u00e9tique largement utilis\u00e9 pour la confection de v\u00eatement. Cette mati\u00e8re tr\u00e8s facile d'entretien, se froisse peu et est ind\u00e9formable.\">Polyester<\/span> 5% Elasthanne<\/p>\n<p><img loading=\"lazy\" decoding=\"async\" class=\"alignnone wp-image-14305 size-full\" src=\"https:\/\/eglantinereigniez.com\/wp-content\/uploads\/2024\/11\/mini-chamallow-silver.jpg\" alt=\"\" width=\"1500\" height=\"2000\" \/><img loading=\"lazy\" decoding=\"async\" class=\"alignnone wp-image-14307 size-full\" src=\"https:\/\/eglantinereigniez.com\/wp-content\/uploads\/2024\/11\/IMG_0885-scaled.jpg\" alt=\"\" width=\"1735\" height=\"2560\" \/><\/p>\n","protected":false},"excerpt":{"rendered":"<p>Le sac CHAMALLOW en version minuscule ! A porter au poignet ou du bout des doigts pour un look assur\u00e9ment mignonnerie. Inspir\u00e9 des sacs japonais traditionnels, chaque mini fourre-tout est unique, car enti\u00e8rement cousu main \u00e0 Hossegor, en tissu aspect m\u00e9tallique Argent. dimension : 15 x 15 cm 95% Polyester 5% Elasthanne<\/p>\n","protected":false},"featured_media":14305,"template":"","meta":[],"product_brand":[],"product_cat":[25,28,90,75],"product_tag":[],"class_list":{"0":"post-14186","1":"product","2":"type-product","3":"status-publish","4":"has-post-thumbnail","6":"product_cat-accessoires","7":"product_cat-accessoire-cheveux-mariage","8":"product_cat-accessoires-occasion-speciale","9":"product_cat-sacs","10":"product_shipping_class-sacs","12":"first","13":"instock","14":"shipping-taxable","15":"purchasable","16":"product-type-simple"},"_links":{"self":[{"href":"https:\/\/eglantinereigniez.com\/index.php\/wp-json\/wp\/v2\/product\/14186","targetHints":{"allow":["GET"]}}],"collection":[{"href":"https:\/\/eglantinereigniez.com\/index.php\/wp-json\/wp\/v2\/product"}],"about":[{"href":"https:\/\/eglantinereigniez.com\/index.php\/wp-json\/wp\/v2\/types\/product"}],"wp:featuredmedia":[{"embeddable":true,"href":"https:\/\/eglantinereigniez.com\/index.php\/wp-json\/wp\/v2\/media\/14305"}],"wp:attachment":[{"href":"https:\/\/eglantinereigniez.com\/index.php\/wp-json\/wp\/v2\/media?parent=14186"}],"wp:term":[{"taxonomy":"product_brand","embeddable":true,"href":"https:\/\/eglantinereigniez.com\/index.php\/wp-json\/wp\/v2\/product_brand?post=14186"},{"taxonomy":"product_cat","embeddable":true,"href":"https:\/\/eglantinereigniez.com\/index.php\/wp-json\/wp\/v2\/product_cat?post=14186"},{"taxonomy":"product_tag","embeddable":true,"href":"https:\/\/eglantinereigniez.com\/index.php\/wp-json\/wp\/v2\/product_tag?post=14186"}],"curies":[{"name":"wp","href":"https:\/\/api.w.org\/{rel}","templated":true}]}}