{"id":14490,"date":"2024-12-02T13:35:49","date_gmt":"2024-12-02T12:35:49","guid":{"rendered":"https:\/\/eglantinereigniez.com\/?post_type=product&#038;p=14490"},"modified":"2024-12-02T13:35:49","modified_gmt":"2024-12-02T12:35:49","slug":"pendentif-abstract","status":"publish","type":"product","link":"https:\/\/eglantinereigniez.com\/index.php\/produit\/pendentif-abstract\/","title":{"rendered":"Pendentif ABSTRACT"},"content":{"rendered":"<p>Pendentif en tube strass, perle de verre et perles en pate polym\u00e8re fa\u00e7onn\u00e9 main.<\/p>\n<p>Cet objet artistique est fait main \u00e0 Hossegor.<\/p>\n<p>A porter comme un talisman \u00e0 son collier ou avec une cr\u00e9ole \u00e0 l&rsquo;oreille.<\/p>\n<p>dimension : 3,5 x 5,5 cm<\/p>\n<p><img loading=\"lazy\" decoding=\"async\" class=\"alignnone size-medium wp-image-14501\" src=\"https:\/\/eglantinereigniez.com\/wp-content\/uploads\/2024\/12\/pendentif-ABSTRACT-225x300.jpg\" alt=\"\" width=\"225\" height=\"300\" \/><\/p>\n","protected":false},"excerpt":{"rendered":"<p>Pendentif en tube strass, perle de verre et perles en pate polym\u00e8re fa\u00e7onn\u00e9 main. Cet objet artistique est fait main \u00e0 Hossegor. A porter comme un talisman \u00e0 son collier ou avec une cr\u00e9ole \u00e0 l&rsquo;oreille. dimension : 3,5 x 5,5 cm<\/p>\n","protected":false},"featured_media":14501,"template":"","meta":[],"product_brand":[],"product_cat":[25,36,90],"product_tag":[],"class_list":{"0":"post-14490","1":"product","2":"type-product","3":"status-publish","4":"has-post-thumbnail","6":"product_cat-accessoires","7":"product_cat-colliers","8":"product_cat-accessoires-occasion-speciale","10":"first","11":"instock","12":"shipping-taxable","13":"purchasable","14":"product-type-simple"},"_links":{"self":[{"href":"https:\/\/eglantinereigniez.com\/index.php\/wp-json\/wp\/v2\/product\/14490","targetHints":{"allow":["GET"]}}],"collection":[{"href":"https:\/\/eglantinereigniez.com\/index.php\/wp-json\/wp\/v2\/product"}],"about":[{"href":"https:\/\/eglantinereigniez.com\/index.php\/wp-json\/wp\/v2\/types\/product"}],"wp:featuredmedia":[{"embeddable":true,"href":"https:\/\/eglantinereigniez.com\/index.php\/wp-json\/wp\/v2\/media\/14501"}],"wp:attachment":[{"href":"https:\/\/eglantinereigniez.com\/index.php\/wp-json\/wp\/v2\/media?parent=14490"}],"wp:term":[{"taxonomy":"product_brand","embeddable":true,"href":"https:\/\/eglantinereigniez.com\/index.php\/wp-json\/wp\/v2\/product_brand?post=14490"},{"taxonomy":"product_cat","embeddable":true,"href":"https:\/\/eglantinereigniez.com\/index.php\/wp-json\/wp\/v2\/product_cat?post=14490"},{"taxonomy":"product_tag","embeddable":true,"href":"https:\/\/eglantinereigniez.com\/index.php\/wp-json\/wp\/v2\/product_tag?post=14490"}],"curies":[{"name":"wp","href":"https:\/\/api.w.org\/{rel}","templated":true}]}}