{"id":14518,"date":"2024-12-02T13:45:38","date_gmt":"2024-12-02T12:45:38","guid":{"rendered":"https:\/\/eglantinereigniez.com\/?post_type=product&#038;p=14518"},"modified":"2024-12-04T15:51:25","modified_gmt":"2024-12-04T14:51:25","slug":"boucle-doreille-en-route-pour-mon-coeur","status":"publish","type":"product","link":"https:\/\/eglantinereigniez.com\/index.php\/produit\/boucle-doreille-en-route-pour-mon-coeur\/","title":{"rendered":"Boucle d&rsquo;oreille EN ROUTE POUR MON COEUR"},"content":{"rendered":"<p>Enti\u00e8rement fa\u00e7onn\u00e9 main, ces boucles d&rsquo;oreille sont un bon compromis entre la d\u00e9licatesse et la touche moderne.<\/p>\n<p>Imagin\u00e9es et r\u00e9alis\u00e9es \u00e0 Hossegor en pate polym\u00e8re, strass et perles de r\u00e9sine et perles d&rsquo;eau douce.<\/p>\n<p>Monture en acier inoxydable.<\/p>\n<p>Fait main en France par Eglantine.<\/p>\n<p>Pour les mari\u00e9es cools et modernes.<\/p>\n<p><img loading=\"lazy\" decoding=\"async\" class=\"alignnone wp-image-14522 size-full\" src=\"https:\/\/eglantinereigniez.com\/wp-content\/uploads\/2024\/12\/BO-en-route-pour-mon-coeur-scaled.jpg\" alt=\"\" width=\"1920\" height=\"2560\" \/><\/p>\n<p><img loading=\"lazy\" decoding=\"async\" class=\"alignnone wp-image-14539 size-full\" src=\"https:\/\/eglantinereigniez.com\/wp-content\/uploads\/2024\/12\/IMG_0884-scaled.jpg\" alt=\"boucles d'oreille pour mari\u00e9e moderne et minimaliste by eglantine reigniez \" width=\"1706\" height=\"2560\" \/><\/p>\n","protected":false},"excerpt":{"rendered":"<p>Enti\u00e8rement fa\u00e7onn\u00e9 main, ces boucles d&rsquo;oreille sont un bon compromis entre la d\u00e9licatesse et la touche moderne. Imagin\u00e9es et r\u00e9alis\u00e9es \u00e0 Hossegor en pate polym\u00e8re, strass et perles de r\u00e9sine et perles d&rsquo;eau douce. Monture en acier inoxydable. Fait main en France par Eglantine. Pour les mari\u00e9es cools et modernes.<\/p>\n","protected":false},"featured_media":14522,"template":"","meta":[],"product_brand":[],"product_cat":[25,28,34],"product_tag":[],"class_list":{"0":"post-14518","1":"product","2":"type-product","3":"status-publish","4":"has-post-thumbnail","6":"product_cat-accessoires","7":"product_cat-accessoire-cheveux-mariage","8":"product_cat-boucle-doreilles","10":"first","11":"instock","12":"shipping-taxable","13":"purchasable","14":"product-type-simple"},"_links":{"self":[{"href":"https:\/\/eglantinereigniez.com\/index.php\/wp-json\/wp\/v2\/product\/14518","targetHints":{"allow":["GET"]}}],"collection":[{"href":"https:\/\/eglantinereigniez.com\/index.php\/wp-json\/wp\/v2\/product"}],"about":[{"href":"https:\/\/eglantinereigniez.com\/index.php\/wp-json\/wp\/v2\/types\/product"}],"wp:featuredmedia":[{"embeddable":true,"href":"https:\/\/eglantinereigniez.com\/index.php\/wp-json\/wp\/v2\/media\/14522"}],"wp:attachment":[{"href":"https:\/\/eglantinereigniez.com\/index.php\/wp-json\/wp\/v2\/media?parent=14518"}],"wp:term":[{"taxonomy":"product_brand","embeddable":true,"href":"https:\/\/eglantinereigniez.com\/index.php\/wp-json\/wp\/v2\/product_brand?post=14518"},{"taxonomy":"product_cat","embeddable":true,"href":"https:\/\/eglantinereigniez.com\/index.php\/wp-json\/wp\/v2\/product_cat?post=14518"},{"taxonomy":"product_tag","embeddable":true,"href":"https:\/\/eglantinereigniez.com\/index.php\/wp-json\/wp\/v2\/product_tag?post=14518"}],"curies":[{"name":"wp","href":"https:\/\/api.w.org\/{rel}","templated":true}]}}