{"id":14553,"date":"2024-12-02T14:00:08","date_gmt":"2024-12-02T13:00:08","guid":{"rendered":"https:\/\/eglantinereigniez.com\/?post_type=product&#038;p=14553"},"modified":"2024-12-02T14:03:16","modified_gmt":"2024-12-02T13:03:16","slug":"collier-coeur-bancal","status":"publish","type":"product","link":"https:\/\/eglantinereigniez.com\/index.php\/produit\/collier-coeur-bancal\/","title":{"rendered":"Collier COEUR BANCAL"},"content":{"rendered":"<p>Collier en tube strass avec pendentif en pate polym\u00e8re iris\u00e9e sculpt\u00e9 main.<\/p>\n<p>Fermoir aimant\u00e9.<\/p>\n<p>Chaque collier est unique et des diff\u00e9rences peuvent apparaitre car il est imagin\u00e9 et fa\u00e7onn\u00e9 main \u00e0 Hossegor, France.<\/p>\n<p>Ne pas immerger dans l&rsquo;eau.<\/p>\n<p><img loading=\"lazy\" decoding=\"async\" class=\"alignnone wp-image-14562 size-full\" src=\"https:\/\/eglantinereigniez.com\/wp-content\/uploads\/2024\/12\/IMG_0890-scaled.jpg\" alt=\"collection d'accessoire mariage cool et moderne\" width=\"1706\" height=\"2560\" \/><\/p>\n","protected":false},"excerpt":{"rendered":"<p>Collier en tube strass avec pendentif en pate polym\u00e8re iris\u00e9e sculpt\u00e9 main. Fermoir aimant\u00e9. Chaque collier est unique et des diff\u00e9rences peuvent apparaitre car il est imagin\u00e9 et fa\u00e7onn\u00e9 main \u00e0 Hossegor, France. Ne pas immerger dans l&rsquo;eau.<\/p>\n","protected":false},"featured_media":14581,"template":"","meta":[],"product_brand":[],"product_cat":[25,28,36,90],"product_tag":[],"class_list":{"0":"post-14553","1":"product","2":"type-product","3":"status-publish","4":"has-post-thumbnail","6":"product_cat-accessoires","7":"product_cat-accessoire-cheveux-mariage","8":"product_cat-colliers","9":"product_cat-accessoires-occasion-speciale","10":"product_shipping_class-serre-tete","12":"first","13":"instock","14":"shipping-taxable","15":"purchasable","16":"product-type-simple"},"_links":{"self":[{"href":"https:\/\/eglantinereigniez.com\/index.php\/wp-json\/wp\/v2\/product\/14553","targetHints":{"allow":["GET"]}}],"collection":[{"href":"https:\/\/eglantinereigniez.com\/index.php\/wp-json\/wp\/v2\/product"}],"about":[{"href":"https:\/\/eglantinereigniez.com\/index.php\/wp-json\/wp\/v2\/types\/product"}],"wp:featuredmedia":[{"embeddable":true,"href":"https:\/\/eglantinereigniez.com\/index.php\/wp-json\/wp\/v2\/media\/14581"}],"wp:attachment":[{"href":"https:\/\/eglantinereigniez.com\/index.php\/wp-json\/wp\/v2\/media?parent=14553"}],"wp:term":[{"taxonomy":"product_brand","embeddable":true,"href":"https:\/\/eglantinereigniez.com\/index.php\/wp-json\/wp\/v2\/product_brand?post=14553"},{"taxonomy":"product_cat","embeddable":true,"href":"https:\/\/eglantinereigniez.com\/index.php\/wp-json\/wp\/v2\/product_cat?post=14553"},{"taxonomy":"product_tag","embeddable":true,"href":"https:\/\/eglantinereigniez.com\/index.php\/wp-json\/wp\/v2\/product_tag?post=14553"}],"curies":[{"name":"wp","href":"https:\/\/api.w.org\/{rel}","templated":true}]}}