{"id":14670,"date":"2024-12-02T15:18:38","date_gmt":"2024-12-02T14:18:38","guid":{"rendered":"https:\/\/eglantinereigniez.com\/?post_type=product&#038;p=14670"},"modified":"2024-12-04T12:50:26","modified_gmt":"2024-12-04T11:50:26","slug":"collier-tube","status":"publish","type":"product","link":"https:\/\/eglantinereigniez.com\/index.php\/produit\/collier-tube\/","title":{"rendered":"Collier TUBE"},"content":{"rendered":"<p>Collier en tube strass avec fermoir aimant\u00e9.<\/p>\n<p>A porter seul ou \u00e0 pimper de pampilles SCOUBIDOU de couleur flashy.<\/p>\n<p>Chaque pampille est fa\u00e7onn\u00e9 main en pate polym\u00e8re \u00e0 Hossegor, France.<\/p>\n<p>PAMPILLE NON INCLUS.<\/p>\n<p>&nbsp;<\/p>\n<p><img loading=\"lazy\" decoding=\"async\" class=\"alignnone size-full wp-image-14859\" src=\"https:\/\/eglantinereigniez.com\/wp-content\/uploads\/2024\/12\/collier-tube-3-scaled.jpg\" alt=\"\" width=\"1920\" height=\"2560\" \/><\/p>\n<p><img loading=\"lazy\" decoding=\"async\" class=\"alignnone wp-image-14731 size-full\" src=\"https:\/\/eglantinereigniez.com\/wp-content\/uploads\/2024\/12\/collier-TUBE-scaled-e1733147259221.jpg\" alt=\"\" width=\"1847\" height=\"2001\" \/><\/p>\n<p><img loading=\"lazy\" decoding=\"async\" class=\"alignnone wp-image-14879 size-full\" src=\"https:\/\/eglantinereigniez.com\/wp-content\/uploads\/2024\/12\/colliers-TUBE-scoubidou-scaled-e1733240869767.jpg\" alt=\"\" width=\"2205\" height=\"1902\" \/><\/p>\n","protected":false},"excerpt":{"rendered":"<p>Collier en tube strass avec fermoir aimant\u00e9. A porter seul ou \u00e0 pimper de pampilles SCOUBIDOU de couleur flashy. Chaque pampille est fa\u00e7onn\u00e9 main en pate polym\u00e8re \u00e0 Hossegor, France. PAMPILLE NON INCLUS. &nbsp;<\/p>\n","protected":false},"featured_media":14858,"template":"","meta":[],"product_brand":[],"product_cat":[25,36,90],"product_tag":[],"class_list":{"0":"post-14670","1":"product","2":"type-product","3":"status-publish","4":"has-post-thumbnail","6":"product_cat-accessoires","7":"product_cat-colliers","8":"product_cat-accessoires-occasion-speciale","10":"first","11":"instock","12":"shipping-taxable","13":"purchasable","14":"product-type-simple"},"_links":{"self":[{"href":"https:\/\/eglantinereigniez.com\/index.php\/wp-json\/wp\/v2\/product\/14670","targetHints":{"allow":["GET"]}}],"collection":[{"href":"https:\/\/eglantinereigniez.com\/index.php\/wp-json\/wp\/v2\/product"}],"about":[{"href":"https:\/\/eglantinereigniez.com\/index.php\/wp-json\/wp\/v2\/types\/product"}],"wp:featuredmedia":[{"embeddable":true,"href":"https:\/\/eglantinereigniez.com\/index.php\/wp-json\/wp\/v2\/media\/14858"}],"wp:attachment":[{"href":"https:\/\/eglantinereigniez.com\/index.php\/wp-json\/wp\/v2\/media?parent=14670"}],"wp:term":[{"taxonomy":"product_brand","embeddable":true,"href":"https:\/\/eglantinereigniez.com\/index.php\/wp-json\/wp\/v2\/product_brand?post=14670"},{"taxonomy":"product_cat","embeddable":true,"href":"https:\/\/eglantinereigniez.com\/index.php\/wp-json\/wp\/v2\/product_cat?post=14670"},{"taxonomy":"product_tag","embeddable":true,"href":"https:\/\/eglantinereigniez.com\/index.php\/wp-json\/wp\/v2\/product_tag?post=14670"}],"curies":[{"name":"wp","href":"https:\/\/api.w.org\/{rel}","templated":true}]}}