{"id":14812,"date":"2024-12-03T16:41:33","date_gmt":"2024-12-03T15:41:33","guid":{"rendered":"https:\/\/eglantinereigniez.com\/?post_type=product&#038;p=14812"},"modified":"2024-12-03T16:43:16","modified_gmt":"2024-12-03T15:43:16","slug":"pampille-scoubidou","status":"publish","type":"product","link":"https:\/\/eglantinereigniez.com\/index.php\/produit\/pampille-scoubidou\/","title":{"rendered":"Pampille SCOUBIDOU"},"content":{"rendered":"<p>Pampille fa\u00e7onn\u00e9e main en pate polym\u00e8re.<\/p>\n<p>Choisis ta couleur et rajoute la pampille Scoubidou au collier TUBE.<\/p>\n<p>La pampille Scoubidou se porte en accumulation ou single.<\/p>\n<p>Imagin\u00e9 et fa\u00e7onn\u00e9 main \u00e0 Hossegor, France.<\/p>\n<p>&nbsp;<\/p>\n<p><img loading=\"lazy\" decoding=\"async\" class=\"alignnone wp-image-14871 size-full\" src=\"https:\/\/eglantinereigniez.com\/wp-content\/uploads\/2024\/12\/collier-scoubidou-vert-fonce-scaled.jpg\" alt=\"\" width=\"1920\" height=\"2560\" \/> <img loading=\"lazy\" decoding=\"async\" class=\"alignnone wp-image-14870 size-full\" src=\"https:\/\/eglantinereigniez.com\/wp-content\/uploads\/2024\/12\/collier-scoubidou-vert-clair-scaled.jpg\" alt=\"\" width=\"1920\" height=\"2560\" \/> <img loading=\"lazy\" decoding=\"async\" class=\"alignnone wp-image-14869 size-full\" src=\"https:\/\/eglantinereigniez.com\/wp-content\/uploads\/2024\/12\/collier-scoubidou-orange-scaled.jpg\" alt=\"\" width=\"1920\" height=\"2560\" \/> <img loading=\"lazy\" decoding=\"async\" class=\"alignnone wp-image-14868 size-full\" src=\"https:\/\/eglantinereigniez.com\/wp-content\/uploads\/2024\/12\/collier-scoubidou-marron-scaled.jpg\" alt=\"\" width=\"1920\" height=\"2560\" \/> <img loading=\"lazy\" decoding=\"async\" class=\"alignnone wp-image-14867 size-full\" src=\"https:\/\/eglantinereigniez.com\/wp-content\/uploads\/2024\/12\/collier-scoubidou-bleu-scaled.jpg\" alt=\"\" width=\"1920\" height=\"2560\" \/><\/p>\n","protected":false},"excerpt":{"rendered":"<p>Pampille fa\u00e7onn\u00e9e main en pate polym\u00e8re. Choisis ta couleur et rajoute la pampille Scoubidou au collier TUBE. La pampille Scoubidou se porte en accumulation ou single. Imagin\u00e9 et fa\u00e7onn\u00e9 main \u00e0 Hossegor, France. &nbsp;<\/p>\n","protected":false},"featured_media":14878,"template":"","meta":[],"product_brand":[],"product_cat":[25,36],"product_tag":[],"class_list":{"0":"post-14812","1":"product","2":"type-product","3":"status-publish","4":"has-post-thumbnail","6":"product_cat-accessoires","7":"product_cat-colliers","9":"first","10":"instock","11":"shipping-taxable","12":"purchasable","13":"product-type-variable"},"_links":{"self":[{"href":"https:\/\/eglantinereigniez.com\/index.php\/wp-json\/wp\/v2\/product\/14812","targetHints":{"allow":["GET"]}}],"collection":[{"href":"https:\/\/eglantinereigniez.com\/index.php\/wp-json\/wp\/v2\/product"}],"about":[{"href":"https:\/\/eglantinereigniez.com\/index.php\/wp-json\/wp\/v2\/types\/product"}],"wp:featuredmedia":[{"embeddable":true,"href":"https:\/\/eglantinereigniez.com\/index.php\/wp-json\/wp\/v2\/media\/14878"}],"wp:attachment":[{"href":"https:\/\/eglantinereigniez.com\/index.php\/wp-json\/wp\/v2\/media?parent=14812"}],"wp:term":[{"taxonomy":"product_brand","embeddable":true,"href":"https:\/\/eglantinereigniez.com\/index.php\/wp-json\/wp\/v2\/product_brand?post=14812"},{"taxonomy":"product_cat","embeddable":true,"href":"https:\/\/eglantinereigniez.com\/index.php\/wp-json\/wp\/v2\/product_cat?post=14812"},{"taxonomy":"product_tag","embeddable":true,"href":"https:\/\/eglantinereigniez.com\/index.php\/wp-json\/wp\/v2\/product_tag?post=14812"}],"curies":[{"name":"wp","href":"https:\/\/api.w.org\/{rel}","templated":true}]}}