{"id":14921,"date":"2025-02-12T16:37:50","date_gmt":"2025-02-12T15:37:50","guid":{"rendered":"https:\/\/eglantinereigniez.com\/?post_type=product&#038;p=14921"},"modified":"2025-02-12T16:37:51","modified_gmt":"2025-02-12T15:37:51","slug":"bracelet-bons-baisers-sales-from-hossegor","status":"publish","type":"product","link":"https:\/\/eglantinereigniez.com\/index.php\/produit\/bracelet-bons-baisers-sales-from-hossegor\/","title":{"rendered":"Bracelet BONS BAISERS SAL\u00c9S FROM HOSSEGOR"},"content":{"rendered":"<p>Bracelet en fil polyester cir\u00e9 avec bouche en r\u00e9sine moul\u00e9.<\/p>\n<p>Chaque bracelet est unique et tiss\u00e9 main.<\/p>\n<p>Fabriqu\u00e9 main \u00e0 Hossegor.<\/p>\n<p>&nbsp;<\/p>\n<p><img loading=\"lazy\" decoding=\"async\" class=\"alignnone wp-image-14942 size-full\" src=\"https:\/\/eglantinereigniez.com\/wp-content\/uploads\/2025\/02\/8161C3D8-15C3-40B0-B40E-6B4A86886745.jpg\" alt=\"\" width=\"828\" height=\"1472\" \/><\/p>\n<p><img loading=\"lazy\" decoding=\"async\" class=\"alignnone wp-image-14941 size-full\" src=\"https:\/\/eglantinereigniez.com\/wp-content\/uploads\/2025\/02\/3CFB6766-5AE0-4580-9013-964954559706.jpg\" alt=\"\" width=\"828\" height=\"1472\" \/><\/p>\n<p><img loading=\"lazy\" decoding=\"async\" class=\"alignnone wp-image-14949 size-full\" src=\"https:\/\/eglantinereigniez.com\/wp-content\/uploads\/2025\/02\/bouche-scaled-e1739374404801.jpg\" alt=\"\" width=\"1898\" height=\"2137\" \/><\/p>\n","protected":false},"excerpt":{"rendered":"<p>Bracelet en fil polyester cir\u00e9 avec bouche en r\u00e9sine moul\u00e9. Chaque bracelet est unique et tiss\u00e9 main. Fabriqu\u00e9 main \u00e0 Hossegor. &nbsp;<\/p>\n","protected":false},"featured_media":14973,"template":"","meta":[],"product_brand":[],"product_cat":[25,37],"product_tag":[],"class_list":{"0":"post-14921","1":"product","2":"type-product","3":"status-publish","4":"has-post-thumbnail","6":"product_cat-accessoires","7":"product_cat-bracelet","9":"first","10":"instock","11":"shipping-taxable","12":"purchasable","13":"product-type-simple"},"_links":{"self":[{"href":"https:\/\/eglantinereigniez.com\/index.php\/wp-json\/wp\/v2\/product\/14921","targetHints":{"allow":["GET"]}}],"collection":[{"href":"https:\/\/eglantinereigniez.com\/index.php\/wp-json\/wp\/v2\/product"}],"about":[{"href":"https:\/\/eglantinereigniez.com\/index.php\/wp-json\/wp\/v2\/types\/product"}],"wp:featuredmedia":[{"embeddable":true,"href":"https:\/\/eglantinereigniez.com\/index.php\/wp-json\/wp\/v2\/media\/14973"}],"wp:attachment":[{"href":"https:\/\/eglantinereigniez.com\/index.php\/wp-json\/wp\/v2\/media?parent=14921"}],"wp:term":[{"taxonomy":"product_brand","embeddable":true,"href":"https:\/\/eglantinereigniez.com\/index.php\/wp-json\/wp\/v2\/product_brand?post=14921"},{"taxonomy":"product_cat","embeddable":true,"href":"https:\/\/eglantinereigniez.com\/index.php\/wp-json\/wp\/v2\/product_cat?post=14921"},{"taxonomy":"product_tag","embeddable":true,"href":"https:\/\/eglantinereigniez.com\/index.php\/wp-json\/wp\/v2\/product_tag?post=14921"}],"curies":[{"name":"wp","href":"https:\/\/api.w.org\/{rel}","templated":true}]}}