{"id":15077,"date":"2025-08-09T11:46:24","date_gmt":"2025-08-09T09:46:24","guid":{"rendered":"https:\/\/eglantinereigniez.com\/?post_type=product&#038;p=15077"},"modified":"2025-08-09T11:46:24","modified_gmt":"2025-08-09T09:46:24","slug":"pendentif-playa-pearl","status":"publish","type":"product","link":"https:\/\/eglantinereigniez.com\/index.php\/produit\/pendentif-playa-pearl\/","title":{"rendered":"Pendentif PLAYA PEARL"},"content":{"rendered":"<p>Un pendentif Coquillage sourc\u00e9 sur les plages d\u2019hossegor, pimp\u00e9 de perles.<\/p>\n<p>Confectionn\u00e9 main \u00e0 Hossegor. Chaque pi\u00e8ce reste unique car chaque coquillage ramass\u00e9 est diff\u00e9rent et donc unique.<\/p>\n<p>Ne pas immerger dans l\u2019eau.<\/p>\n<p><img loading=\"lazy\" decoding=\"async\" class=\"alignnone wp-image-15067 size-full\" src=\"https:\/\/eglantinereigniez.com\/wp-content\/uploads\/2025\/08\/2EDD1841-975F-44F0-93FE-FBA54690E731.jpg\" alt=\"\" width=\"828\" height=\"1472\" \/><\/p>\n","protected":false},"excerpt":{"rendered":"<p>Un pendentif Coquillage sourc\u00e9 sur les plages d\u2019hossegor, pimp\u00e9 de perles. Confectionn\u00e9 main \u00e0 Hossegor. Chaque pi\u00e8ce reste unique car chaque coquillage ramass\u00e9 est diff\u00e9rent et donc unique. Ne pas immerger dans l\u2019eau.<\/p>\n","protected":false},"featured_media":15067,"template":"","meta":[],"product_brand":[],"product_cat":[25,28,36],"product_tag":[],"class_list":{"0":"post-15077","1":"product","2":"type-product","3":"status-publish","4":"has-post-thumbnail","6":"product_cat-accessoires","7":"product_cat-accessoire-cheveux-mariage","8":"product_cat-colliers","9":"product_shipping_class-pince-crabe","11":"first","12":"instock","13":"shipping-taxable","14":"purchasable","15":"product-type-simple"},"_links":{"self":[{"href":"https:\/\/eglantinereigniez.com\/index.php\/wp-json\/wp\/v2\/product\/15077","targetHints":{"allow":["GET"]}}],"collection":[{"href":"https:\/\/eglantinereigniez.com\/index.php\/wp-json\/wp\/v2\/product"}],"about":[{"href":"https:\/\/eglantinereigniez.com\/index.php\/wp-json\/wp\/v2\/types\/product"}],"wp:featuredmedia":[{"embeddable":true,"href":"https:\/\/eglantinereigniez.com\/index.php\/wp-json\/wp\/v2\/media\/15067"}],"wp:attachment":[{"href":"https:\/\/eglantinereigniez.com\/index.php\/wp-json\/wp\/v2\/media?parent=15077"}],"wp:term":[{"taxonomy":"product_brand","embeddable":true,"href":"https:\/\/eglantinereigniez.com\/index.php\/wp-json\/wp\/v2\/product_brand?post=15077"},{"taxonomy":"product_cat","embeddable":true,"href":"https:\/\/eglantinereigniez.com\/index.php\/wp-json\/wp\/v2\/product_cat?post=15077"},{"taxonomy":"product_tag","embeddable":true,"href":"https:\/\/eglantinereigniez.com\/index.php\/wp-json\/wp\/v2\/product_tag?post=15077"}],"curies":[{"name":"wp","href":"https:\/\/api.w.org\/{rel}","templated":true}]}}