{"id":15113,"date":"2025-08-09T11:53:45","date_gmt":"2025-08-09T09:53:45","guid":{"rendered":"https:\/\/eglantinereigniez.com\/?post_type=product&#038;p=15113"},"modified":"2025-08-09T11:56:22","modified_gmt":"2025-08-09T09:56:22","slug":"collier-tchatchatcha","status":"publish","type":"product","link":"https:\/\/eglantinereigniez.com\/index.php\/produit\/collier-tchatchatcha\/","title":{"rendered":"Collier TCHATCHATCHA orange"},"content":{"rendered":"<p>Collier en perles de bois recycl\u00e9es et coquillage from Hossegor pimp\u00e9 de strass.<\/p>\n<p>Fabriqu\u00e9 \u00e0 Hossegor.<\/p>\n<p>&nbsp;<\/p>\n<p><img loading=\"lazy\" decoding=\"async\" class=\"alignnone wp-image-15124 size-full\" src=\"https:\/\/eglantinereigniez.com\/wp-content\/uploads\/2025\/08\/552FF970-17C7-4961-B096-3E0F87CD8A72.jpg\" alt=\"\" width=\"828\" height=\"1472\" \/><\/p>\n<p><img loading=\"lazy\" decoding=\"async\" class=\"alignnone wp-image-15125 size-full\" src=\"https:\/\/eglantinereigniez.com\/wp-content\/uploads\/2025\/08\/IMG_4281.jpg\" alt=\"\" width=\"760\" height=\"1008\" \/><\/p>\n","protected":false},"excerpt":{"rendered":"<p>Collier en perles de bois recycl\u00e9es et coquillage from Hossegor pimp\u00e9 de strass. Fabriqu\u00e9 \u00e0 Hossegor. &nbsp;<\/p>\n","protected":false},"featured_media":15124,"template":"","meta":[],"product_brand":[],"product_cat":[25,36],"product_tag":[],"class_list":{"0":"post-15113","1":"product","2":"type-product","3":"status-publish","4":"has-post-thumbnail","6":"product_cat-accessoires","7":"product_cat-colliers","8":"product_shipping_class-pince-crabe","10":"first","11":"instock","12":"shipping-taxable","13":"purchasable","14":"product-type-simple"},"_links":{"self":[{"href":"https:\/\/eglantinereigniez.com\/index.php\/wp-json\/wp\/v2\/product\/15113","targetHints":{"allow":["GET"]}}],"collection":[{"href":"https:\/\/eglantinereigniez.com\/index.php\/wp-json\/wp\/v2\/product"}],"about":[{"href":"https:\/\/eglantinereigniez.com\/index.php\/wp-json\/wp\/v2\/types\/product"}],"wp:featuredmedia":[{"embeddable":true,"href":"https:\/\/eglantinereigniez.com\/index.php\/wp-json\/wp\/v2\/media\/15124"}],"wp:attachment":[{"href":"https:\/\/eglantinereigniez.com\/index.php\/wp-json\/wp\/v2\/media?parent=15113"}],"wp:term":[{"taxonomy":"product_brand","embeddable":true,"href":"https:\/\/eglantinereigniez.com\/index.php\/wp-json\/wp\/v2\/product_brand?post=15113"},{"taxonomy":"product_cat","embeddable":true,"href":"https:\/\/eglantinereigniez.com\/index.php\/wp-json\/wp\/v2\/product_cat?post=15113"},{"taxonomy":"product_tag","embeddable":true,"href":"https:\/\/eglantinereigniez.com\/index.php\/wp-json\/wp\/v2\/product_tag?post=15113"}],"curies":[{"name":"wp","href":"https:\/\/api.w.org\/{rel}","templated":true}]}}