{"id":2017,"date":"2020-03-25T18:26:18","date_gmt":"2020-03-25T17:26:18","guid":{"rendered":"https:\/\/eglantinereigniez.com\/?post_type=product&#038;p=2017"},"modified":"2024-02-09T16:39:49","modified_gmt":"2024-02-09T15:39:49","slug":"barrette-initials-a-personnaliser","status":"publish","type":"product","link":"https:\/\/eglantinereigniez.com\/index.php\/produit\/barrette-initials-a-personnaliser\/","title":{"rendered":"Barrette INITIALS \u00e0 personnaliser"},"content":{"rendered":"<p>Hannah &lt;3 Vincent<\/p>\n<p>Dire je t&rsquo;aime \u00e0 sa moiti\u00e9 n&rsquo;a jamais \u00e9t\u00e9 aussi facile !<\/p>\n<p>Choisissez les 2 initiales qui compl\u00e8teront le petit coeur du milieu.<\/p>\n<p>Barrette en coton tiss\u00e9 paillette personnalisable<\/p>\n<p>Ne pas imerger dans l&rsquo;eau.<\/p>\n<p><img loading=\"lazy\" decoding=\"async\" class=\"alignnone size-full wp-image-2018\" src=\"https:\/\/eglantinereigniez.com\/wp-content\/uploads\/2020\/03\/campagnerubancollectif2020_-58.jpg\" alt=\"barrette personnalisable paillette\" width=\"1024\" height=\"1420\" \/><img loading=\"lazy\" decoding=\"async\" class=\"alignnone size-full wp-image-2019\" src=\"https:\/\/eglantinereigniez.com\/wp-content\/uploads\/2020\/03\/campagnerubancollectif2020_-56.jpg\" alt=\"barrette personnalisable paillette\" width=\"1024\" height=\"1536\" \/><\/p>\n<p><img loading=\"lazy\" decoding=\"async\" class=\"alignnone size-full wp-image-2020\" src=\"https:\/\/eglantinereigniez.com\/wp-content\/uploads\/2020\/03\/IMG_9726-scaled-e1585156556839.jpg\" alt=\"barrette personnalisable paillette\" width=\"1971\" height=\"1446\" \/><\/p>\n","protected":false},"excerpt":{"rendered":"<p>Pr\u00e9cisez vos initials lors de la commande.<\/p>\n<p>D\u00e9lai de confection 2 semaines<\/p>\n<p>&nbsp;<\/p>\n<p><img loading=\"lazy\" decoding=\"async\" class=\"alignnone wp-image-2021 size-medium\" src=\"https:\/\/eglantinereigniez.com\/wp-content\/uploads\/2020\/03\/campagnerubancollectif2020_-57-208x300.jpg\" alt=\"barrette personnalisable paillette\" width=\"208\" height=\"300\" \/><\/p>\n<p>&nbsp;<\/p>\n<p>&nbsp;<\/p>\n","protected":false},"featured_media":2018,"template":"","meta":[],"product_brand":[],"product_cat":[28],"product_tag":[],"class_list":{"0":"post-2017","1":"product","2":"type-product","3":"status-publish","4":"has-post-thumbnail","6":"product_cat-accessoire-cheveux-mariage","8":"first","9":"instock","10":"shipping-taxable","11":"purchasable","12":"product-type-simple"},"_links":{"self":[{"href":"https:\/\/eglantinereigniez.com\/index.php\/wp-json\/wp\/v2\/product\/2017","targetHints":{"allow":["GET"]}}],"collection":[{"href":"https:\/\/eglantinereigniez.com\/index.php\/wp-json\/wp\/v2\/product"}],"about":[{"href":"https:\/\/eglantinereigniez.com\/index.php\/wp-json\/wp\/v2\/types\/product"}],"wp:featuredmedia":[{"embeddable":true,"href":"https:\/\/eglantinereigniez.com\/index.php\/wp-json\/wp\/v2\/media\/2018"}],"wp:attachment":[{"href":"https:\/\/eglantinereigniez.com\/index.php\/wp-json\/wp\/v2\/media?parent=2017"}],"wp:term":[{"taxonomy":"product_brand","embeddable":true,"href":"https:\/\/eglantinereigniez.com\/index.php\/wp-json\/wp\/v2\/product_brand?post=2017"},{"taxonomy":"product_cat","embeddable":true,"href":"https:\/\/eglantinereigniez.com\/index.php\/wp-json\/wp\/v2\/product_cat?post=2017"},{"taxonomy":"product_tag","embeddable":true,"href":"https:\/\/eglantinereigniez.com\/index.php\/wp-json\/wp\/v2\/product_tag?post=2017"}],"curies":[{"name":"wp","href":"https:\/\/api.w.org\/{rel}","templated":true}]}}