{"id":2577,"date":"2021-04-03T11:47:18","date_gmt":"2021-04-03T09:47:18","guid":{"rendered":"https:\/\/eglantinereigniez.com\/?post_type=product&#038;p=2577"},"modified":"2024-02-09T16:56:37","modified_gmt":"2024-02-09T15:56:37","slug":"pince-a-cheveux-letter-a-personnaliser","status":"publish","type":"product","link":"https:\/\/eglantinereigniez.com\/index.php\/produit\/pince-a-cheveux-letter-a-personnaliser\/","title":{"rendered":"Pince \u00e0 cheveux LETTER \u00e0 personnaliser."},"content":{"rendered":"<p>Pince \u00e0 cheveux dor\u00e9 en coton tiss\u00e9 paillet\u00e9.<\/p>\n<p>Fa\u00e7onn\u00e9 main \u00e0 Hossegor.<\/p>\n<p>Dimension : 3,5 cm x 2,5 cm max.<\/p>\n<p>Chaque lettre est fa\u00e7onn\u00e9 main, les tailles peuvent varier de 5mm selon les lettres de l&rsquo;Alphabet.<\/p>\n<p>Ne pas imerger dans l&rsquo;eau.<\/p>\n<p>D\u00e9lai de confection 2 semaines<\/p>\n<p><img loading=\"lazy\" decoding=\"async\" class=\"alignnone size-full wp-image-3981\" src=\"https:\/\/eglantinereigniez.com\/wp-content\/uploads\/2021\/03\/pince-plate-LETTER-Dream-hair-jaguar-shoes--e1617443126977.jpg\" alt=\"\" width=\"1000\" height=\"1247\" \/><\/p>\n<p><img loading=\"lazy\" decoding=\"async\" class=\"alignnone size-full wp-image-3982\" src=\"https:\/\/eglantinereigniez.com\/wp-content\/uploads\/2021\/03\/IMG_3268.jpeg\" alt=\"\" width=\"1415\" height=\"1061\" \/><\/p>\n","protected":false},"excerpt":{"rendered":"<p>D\u00e9lai de confection 2 semaines<\/p>\n","protected":false},"featured_media":2631,"template":"","meta":[],"product_brand":[],"product_cat":[22,28,31],"product_tag":[],"class_list":{"0":"post-2577","1":"product","2":"type-product","3":"status-publish","4":"has-post-thumbnail","6":"product_cat-accessoires-cheveux","7":"product_cat-accessoire-cheveux-mariage","8":"product_cat-barrettes","10":"first","11":"instock","12":"shipping-taxable","13":"purchasable","14":"product-type-variable"},"_links":{"self":[{"href":"https:\/\/eglantinereigniez.com\/index.php\/wp-json\/wp\/v2\/product\/2577","targetHints":{"allow":["GET"]}}],"collection":[{"href":"https:\/\/eglantinereigniez.com\/index.php\/wp-json\/wp\/v2\/product"}],"about":[{"href":"https:\/\/eglantinereigniez.com\/index.php\/wp-json\/wp\/v2\/types\/product"}],"wp:featuredmedia":[{"embeddable":true,"href":"https:\/\/eglantinereigniez.com\/index.php\/wp-json\/wp\/v2\/media\/2631"}],"wp:attachment":[{"href":"https:\/\/eglantinereigniez.com\/index.php\/wp-json\/wp\/v2\/media?parent=2577"}],"wp:term":[{"taxonomy":"product_brand","embeddable":true,"href":"https:\/\/eglantinereigniez.com\/index.php\/wp-json\/wp\/v2\/product_brand?post=2577"},{"taxonomy":"product_cat","embeddable":true,"href":"https:\/\/eglantinereigniez.com\/index.php\/wp-json\/wp\/v2\/product_cat?post=2577"},{"taxonomy":"product_tag","embeddable":true,"href":"https:\/\/eglantinereigniez.com\/index.php\/wp-json\/wp\/v2\/product_tag?post=2577"}],"curies":[{"name":"wp","href":"https:\/\/api.w.org\/{rel}","templated":true}]}}