{"id":6313,"date":"2022-02-16T19:40:09","date_gmt":"2022-02-16T18:40:09","guid":{"rendered":"https:\/\/eglantinereigniez.com\/?post_type=product&#038;p=6313"},"modified":"2024-09-17T09:55:56","modified_gmt":"2024-09-17T07:55:56","slug":"collier-smiley","status":"publish","type":"product","link":"https:\/\/eglantinereigniez.com\/index.php\/produit\/collier-smiley\/","title":{"rendered":"collier SMILEY"},"content":{"rendered":"<p>Collier ras de cou en perles de verre et perle r\u00e9sine dor\u00e9, avec pendentif enti\u00e8rement fa\u00e7onn\u00e9 main \u00e0 Hossegor en p\u00e2te polym\u00e8re.<\/p>\n<p><img loading=\"lazy\" decoding=\"async\" class=\"alignnone size-full wp-image-13048\" src=\"https:\/\/eglantinereigniez.com\/wp-content\/uploads\/2022\/02\/dreamhair-12.jpg\" alt=\"collier en perle de verre et smiley en pate polym\u00e8re fabriqu\u00e9 en france\" width=\"1024\" height=\"1536\" \/><\/p>\n","protected":false},"excerpt":{"rendered":"<p>Collier ras de cou en perles de verre et perle r\u00e9sine dor\u00e9, avec pendentif enti\u00e8rement fa\u00e7onn\u00e9 main \u00e0 Hossegor en p\u00e2te polym\u00e8re.<\/p>\n","protected":false},"featured_media":6803,"template":"","meta":[],"product_brand":[],"product_cat":[25,36],"product_tag":[],"class_list":{"0":"post-6313","1":"product","2":"type-product","3":"status-publish","4":"has-post-thumbnail","6":"product_cat-accessoires","7":"product_cat-colliers","9":"first","10":"instock","11":"shipping-taxable","12":"purchasable","13":"product-type-simple"},"_links":{"self":[{"href":"https:\/\/eglantinereigniez.com\/index.php\/wp-json\/wp\/v2\/product\/6313","targetHints":{"allow":["GET"]}}],"collection":[{"href":"https:\/\/eglantinereigniez.com\/index.php\/wp-json\/wp\/v2\/product"}],"about":[{"href":"https:\/\/eglantinereigniez.com\/index.php\/wp-json\/wp\/v2\/types\/product"}],"wp:featuredmedia":[{"embeddable":true,"href":"https:\/\/eglantinereigniez.com\/index.php\/wp-json\/wp\/v2\/media\/6803"}],"wp:attachment":[{"href":"https:\/\/eglantinereigniez.com\/index.php\/wp-json\/wp\/v2\/media?parent=6313"}],"wp:term":[{"taxonomy":"product_brand","embeddable":true,"href":"https:\/\/eglantinereigniez.com\/index.php\/wp-json\/wp\/v2\/product_brand?post=6313"},{"taxonomy":"product_cat","embeddable":true,"href":"https:\/\/eglantinereigniez.com\/index.php\/wp-json\/wp\/v2\/product_cat?post=6313"},{"taxonomy":"product_tag","embeddable":true,"href":"https:\/\/eglantinereigniez.com\/index.php\/wp-json\/wp\/v2\/product_tag?post=6313"}],"curies":[{"name":"wp","href":"https:\/\/api.w.org\/{rel}","templated":true}]}}