{"id":6500,"date":"2022-03-11T13:56:59","date_gmt":"2022-03-11T12:56:59","guid":{"rendered":"https:\/\/eglantinereigniez.com\/?post_type=product&#038;p=6500"},"modified":"2023-04-15T20:12:36","modified_gmt":"2023-04-15T18:12:36","slug":"boucles-doreille-gaudi-blue","status":"publish","type":"product","link":"https:\/\/eglantinereigniez.com\/index.php\/produit\/boucles-doreille-gaudi-blue\/","title":{"rendered":"Boucles d&rsquo;Oreille GAUDI blue"},"content":{"rendered":"<p>Paire de boucles d&rsquo;oreille en p\u00e2te polym\u00e8re fa\u00e7onn\u00e9 main avec strass de verre.<\/p>\n<p>Base en acier inoxydable plaqu\u00e9 or.<\/p>\n<p>Chaque boucle d&rsquo;oreille est unique car fa\u00e7onn\u00e9 main.<\/p>\n<p>Ne pas imerger dans l&rsquo;eau.<\/p>\n<p>Dimension : 6,3 cm x 4,5 cm<\/p>\n<p>&nbsp;<\/p>\n<p><img loading=\"lazy\" decoding=\"async\" class=\"alignnone size-full wp-image-7020\" src=\"https:\/\/eglantinereigniez.com\/wp-content\/uploads\/2022\/02\/70933750-D26F-4D63-B153-EA8F05D7BF5D_1_105_c.jpeg\" alt=\"boucle d'oreille en forme de coeur bleu avec strass dream hair jaguar shoes\" width=\"768\" height=\"1024\" \/><\/p>\n<p><img loading=\"lazy\" decoding=\"async\" class=\"alignnone size-full wp-image-7022\" src=\"https:\/\/eglantinereigniez.com\/wp-content\/uploads\/2022\/02\/2014E123-6E2C-4D13-AA3B-2FFBA4DE4604_1_105_c.jpeg\" alt=\"boucle d'oreille en forme de coeur bleu avec strass dream hair jaguar shoes\" width=\"768\" height=\"1024\" \/><\/p>\n","protected":false},"excerpt":{"rendered":"<p><img loading=\"lazy\" decoding=\"async\" class=\"alignnone size-full wp-image-7021\" src=\"https:\/\/eglantinereigniez.com\/wp-content\/uploads\/2022\/02\/D1A4F67D-5F40-4AF5-91EB-C0C0E387D826_1_105_c.jpeg\" alt=\"boucle d'oreille en forme de coeur bleu avec strass dream hair jaguar shoes\" width=\"576\" height=\"1363\" \/><\/p>\n","protected":false},"featured_media":7023,"template":"","meta":[],"product_brand":[],"product_cat":[48],"product_tag":[],"class_list":{"0":"post-6500","1":"product","2":"type-product","3":"status-publish","4":"has-post-thumbnail","6":"product_cat-les-archives-de-dream-hair-jaguar-shoes","8":"first","9":"instock","10":"sale","11":"shipping-taxable","12":"purchasable","13":"product-type-simple"},"_links":{"self":[{"href":"https:\/\/eglantinereigniez.com\/index.php\/wp-json\/wp\/v2\/product\/6500","targetHints":{"allow":["GET"]}}],"collection":[{"href":"https:\/\/eglantinereigniez.com\/index.php\/wp-json\/wp\/v2\/product"}],"about":[{"href":"https:\/\/eglantinereigniez.com\/index.php\/wp-json\/wp\/v2\/types\/product"}],"wp:featuredmedia":[{"embeddable":true,"href":"https:\/\/eglantinereigniez.com\/index.php\/wp-json\/wp\/v2\/media\/7023"}],"wp:attachment":[{"href":"https:\/\/eglantinereigniez.com\/index.php\/wp-json\/wp\/v2\/media?parent=6500"}],"wp:term":[{"taxonomy":"product_brand","embeddable":true,"href":"https:\/\/eglantinereigniez.com\/index.php\/wp-json\/wp\/v2\/product_brand?post=6500"},{"taxonomy":"product_cat","embeddable":true,"href":"https:\/\/eglantinereigniez.com\/index.php\/wp-json\/wp\/v2\/product_cat?post=6500"},{"taxonomy":"product_tag","embeddable":true,"href":"https:\/\/eglantinereigniez.com\/index.php\/wp-json\/wp\/v2\/product_tag?post=6500"}],"curies":[{"name":"wp","href":"https:\/\/api.w.org\/{rel}","templated":true}]}}