{"id":7648,"date":"2022-05-27T18:59:39","date_gmt":"2022-05-27T16:59:39","guid":{"rendered":"https:\/\/eglantinereigniez.com\/?post_type=product&#038;p=7648"},"modified":"2023-12-27T17:44:44","modified_gmt":"2023-12-27T16:44:44","slug":"barrette-oui-glitter-gold","status":"publish","type":"product","link":"https:\/\/eglantinereigniez.com\/index.php\/produit\/barrette-oui-glitter-gold\/","title":{"rendered":"Barrette OUI glitter gold"},"content":{"rendered":"<p>Barrette en coton tiss\u00e9 paillette, fa\u00e7onn\u00e9e main \u00e0 Hossegor.<\/p>\n<p>La monture fabriqu\u00e9e en France est anallergique et sans nickel.<\/p>\n<p>Ne pas imerger dans l\u2019eau.<\/p>\n<p>Dimension : 7cm long<\/p>\n<p><img loading=\"lazy\" decoding=\"async\" class=\"alignnone size-full wp-image-12653\" src=\"https:\/\/eglantinereigniez.com\/wp-content\/uploads\/2022\/05\/OUI-glitter-gold.jpg\" alt=\"Barrette OUI en glitter dor\u00e9 pour coiffure mariage \" width=\"1000\" height=\"1333\" \/><\/p>\n<p>&nbsp;<\/p>\n<p><img loading=\"lazy\" decoding=\"async\" class=\"alignnone size-full wp-image-1368\" src=\"https:\/\/eglantinereigniez.com\/wp-content\/uploads\/2019\/04\/DSC_9820.jpg\" alt=\"coiffure wavy avec hair clip OUI dor\u00e9 pour mariage fun et d\u00e9cal\u00e9\" width=\"2832\" height=\"4256\" \/> <img loading=\"lazy\" decoding=\"async\" class=\"alignnone size-full wp-image-1367\" src=\"https:\/\/eglantinereigniez.com\/wp-content\/uploads\/2019\/04\/DSC_9788.jpg\" alt=\"hair clip OUI dor\u00e9 pour mari\u00e9e d\u00e9cal\u00e9e\" width=\"2832\" height=\"4256\" \/><\/p>\n","protected":false},"excerpt":{"rendered":"<p>Barrette en coton tiss\u00e9 paillette, fa\u00e7onn\u00e9e main \u00e0 Hossegor. La monture fabriqu\u00e9e en France est anallergique et sans nickel. Ne pas imerger dans l\u2019eau. Dimension : 7cm long &nbsp;<\/p>\n","protected":false},"featured_media":7653,"template":"","meta":[],"product_brand":[],"product_cat":[22,28,31],"product_tag":[],"class_list":{"0":"post-7648","1":"product","2":"type-product","3":"status-publish","4":"has-post-thumbnail","6":"product_cat-accessoires-cheveux","7":"product_cat-accessoire-cheveux-mariage","8":"product_cat-barrettes","10":"first","11":"instock","12":"shipping-taxable","13":"purchasable","14":"product-type-simple"},"_links":{"self":[{"href":"https:\/\/eglantinereigniez.com\/index.php\/wp-json\/wp\/v2\/product\/7648","targetHints":{"allow":["GET"]}}],"collection":[{"href":"https:\/\/eglantinereigniez.com\/index.php\/wp-json\/wp\/v2\/product"}],"about":[{"href":"https:\/\/eglantinereigniez.com\/index.php\/wp-json\/wp\/v2\/types\/product"}],"wp:featuredmedia":[{"embeddable":true,"href":"https:\/\/eglantinereigniez.com\/index.php\/wp-json\/wp\/v2\/media\/7653"}],"wp:attachment":[{"href":"https:\/\/eglantinereigniez.com\/index.php\/wp-json\/wp\/v2\/media?parent=7648"}],"wp:term":[{"taxonomy":"product_brand","embeddable":true,"href":"https:\/\/eglantinereigniez.com\/index.php\/wp-json\/wp\/v2\/product_brand?post=7648"},{"taxonomy":"product_cat","embeddable":true,"href":"https:\/\/eglantinereigniez.com\/index.php\/wp-json\/wp\/v2\/product_cat?post=7648"},{"taxonomy":"product_tag","embeddable":true,"href":"https:\/\/eglantinereigniez.com\/index.php\/wp-json\/wp\/v2\/product_tag?post=7648"}],"curies":[{"name":"wp","href":"https:\/\/api.w.org\/{rel}","templated":true}]}}