{"id":7669,"date":"2022-05-27T19:08:37","date_gmt":"2022-05-27T17:08:37","guid":{"rendered":"https:\/\/eglantinereigniez.com\/?post_type=product&#038;p=7669"},"modified":"2023-12-27T17:22:10","modified_gmt":"2023-12-27T16:22:10","slug":"barrette-oui-glitter-black","status":"publish","type":"product","link":"https:\/\/eglantinereigniez.com\/index.php\/produit\/barrette-oui-glitter-black\/","title":{"rendered":"Barrette OUI Glitter Black"},"content":{"rendered":"<p>Barrette en coton tiss\u00e9 paillette, fa\u00e7onn\u00e9e main \u00e0 Hossegor.<\/p>\n<p>La monture fabriqu\u00e9e en France est anallergique et sans nickel.<\/p>\n<p>Ne pas immerger dans l\u2019eau.<\/p>\n<p>Dimension : 7cm long<\/p>\n<p><img loading=\"lazy\" decoding=\"async\" class=\"alignnone size-full wp-image-7683\" src=\"https:\/\/eglantinereigniez.com\/wp-content\/uploads\/2022\/05\/barrette-OUI-noir.jpg\" alt=\"\" width=\"2207\" height=\"2290\" \/><\/p>\n","protected":false},"excerpt":{"rendered":"<p>Barrette en coton tiss\u00e9 paillette, fa\u00e7onn\u00e9e main \u00e0 Hossegor. La monture fabriqu\u00e9e en France est anallergique et sans nickel. Ne pas immerger dans l\u2019eau. Dimension : 7cm long<\/p>\n","protected":false},"featured_media":7683,"template":"","meta":[],"product_brand":[],"product_cat":[22,31],"product_tag":[],"class_list":{"0":"post-7669","1":"product","2":"type-product","3":"status-publish","4":"has-post-thumbnail","6":"product_cat-accessoires-cheveux","7":"product_cat-barrettes","9":"first","10":"instock","11":"shipping-taxable","12":"purchasable","13":"product-type-simple"},"_links":{"self":[{"href":"https:\/\/eglantinereigniez.com\/index.php\/wp-json\/wp\/v2\/product\/7669","targetHints":{"allow":["GET"]}}],"collection":[{"href":"https:\/\/eglantinereigniez.com\/index.php\/wp-json\/wp\/v2\/product"}],"about":[{"href":"https:\/\/eglantinereigniez.com\/index.php\/wp-json\/wp\/v2\/types\/product"}],"wp:featuredmedia":[{"embeddable":true,"href":"https:\/\/eglantinereigniez.com\/index.php\/wp-json\/wp\/v2\/media\/7683"}],"wp:attachment":[{"href":"https:\/\/eglantinereigniez.com\/index.php\/wp-json\/wp\/v2\/media?parent=7669"}],"wp:term":[{"taxonomy":"product_brand","embeddable":true,"href":"https:\/\/eglantinereigniez.com\/index.php\/wp-json\/wp\/v2\/product_brand?post=7669"},{"taxonomy":"product_cat","embeddable":true,"href":"https:\/\/eglantinereigniez.com\/index.php\/wp-json\/wp\/v2\/product_cat?post=7669"},{"taxonomy":"product_tag","embeddable":true,"href":"https:\/\/eglantinereigniez.com\/index.php\/wp-json\/wp\/v2\/product_tag?post=7669"}],"curies":[{"name":"wp","href":"https:\/\/api.w.org\/{rel}","templated":true}]}}