{"id":7794,"date":"2022-06-15T17:30:57","date_gmt":"2022-06-15T15:30:57","guid":{"rendered":"https:\/\/eglantinereigniez.com\/?post_type=product&#038;p=7794"},"modified":"2024-05-29T12:31:44","modified_gmt":"2024-05-29T10:31:44","slug":"collier-tutti-frutti","status":"publish","type":"product","link":"https:\/\/eglantinereigniez.com\/index.php\/produit\/collier-tutti-frutti\/","title":{"rendered":"Collier TUTTI FRUTTI &#8211; collection Upcycling"},"content":{"rendered":"<p>Collier ras de cou en perles fabriqu\u00e9es en pate polym\u00e8re, en pierre semi pr\u00e9cieuses, en perles chin\u00e9es, sauv\u00e9es et recycl\u00e9es.<\/p>\n<p>Chaque collier est unique car chaque perle reste unique en son genre.<\/p>\n<p><img loading=\"lazy\" decoding=\"async\" class=\"alignnone size-full wp-image-13045\" src=\"https:\/\/eglantinereigniez.com\/wp-content\/uploads\/2022\/06\/collier-tutti-frutti.jpg\" alt=\"collier ras de cou color\u00e9 en perles upcycl\u00e9es fait main \u00e0 hossegr\" width=\"1000\" height=\"1333\" \/><\/p>\n","protected":false},"excerpt":{"rendered":"<p>Collier ras de cou en perles fabriqu\u00e9es en pate polym\u00e8re, en pierre semi pr\u00e9cieuses, en perles chin\u00e9es, sauv\u00e9es et recycl\u00e9es. Chaque collier est unique car chaque perle reste unique en son genre.<\/p>\n","protected":false},"featured_media":13045,"template":"","meta":[],"product_brand":[],"product_cat":[25,91,36,90],"product_tag":[],"class_list":{"0":"post-7794","1":"product","2":"type-product","3":"status-publish","4":"has-post-thumbnail","6":"product_cat-accessoires","7":"product_cat-collection-upcycling","8":"product_cat-colliers","9":"product_cat-accessoires-occasion-speciale","11":"first","12":"instock","13":"shipping-taxable","14":"purchasable","15":"product-type-simple"},"_links":{"self":[{"href":"https:\/\/eglantinereigniez.com\/index.php\/wp-json\/wp\/v2\/product\/7794","targetHints":{"allow":["GET"]}}],"collection":[{"href":"https:\/\/eglantinereigniez.com\/index.php\/wp-json\/wp\/v2\/product"}],"about":[{"href":"https:\/\/eglantinereigniez.com\/index.php\/wp-json\/wp\/v2\/types\/product"}],"wp:featuredmedia":[{"embeddable":true,"href":"https:\/\/eglantinereigniez.com\/index.php\/wp-json\/wp\/v2\/media\/13045"}],"wp:attachment":[{"href":"https:\/\/eglantinereigniez.com\/index.php\/wp-json\/wp\/v2\/media?parent=7794"}],"wp:term":[{"taxonomy":"product_brand","embeddable":true,"href":"https:\/\/eglantinereigniez.com\/index.php\/wp-json\/wp\/v2\/product_brand?post=7794"},{"taxonomy":"product_cat","embeddable":true,"href":"https:\/\/eglantinereigniez.com\/index.php\/wp-json\/wp\/v2\/product_cat?post=7794"},{"taxonomy":"product_tag","embeddable":true,"href":"https:\/\/eglantinereigniez.com\/index.php\/wp-json\/wp\/v2\/product_tag?post=7794"}],"curies":[{"name":"wp","href":"https:\/\/api.w.org\/{rel}","templated":true}]}}